{"id":16669,"date":"2022-11-28T14:02:42","date_gmt":"2022-11-28T13:02:42","guid":{"rendered":"https:\/\/www.baumaniereboutique.com\/?post_type=product&#038;p=16669"},"modified":"2022-11-28T14:24:58","modified_gmt":"2022-11-28T13:24:58","slug":"gourmandise-menu-at-la-cabro-dor-copie","status":"publish","type":"product","link":"https:\/\/www.baumaniereboutique.com\/en\/produits\/boxed-set\/lunchs-or-dinners\/gourmandise-menu-at-la-cabro-dor-copie\/","title":{"rendered":"Gourmandise menu at La Cabro d&#8217;Or (Copie)"},"content":{"rendered":"<p>Share a moment of pleasure with finesse and surprise around the menu &#8220;Une Ballade&#8221; of our Chef Glenn Viel at the restaurant L&#8217;Oustau de Baumani\u00e8re, 3 Michelin stars.<br \/>\n\u00ab Une ode \u00e0 la tradition l\u00e9gendaire de Baumani\u00e8re, m\u00ealant authenticit\u00e9 et cr\u00e9ativit\u00e9. Un voyage des sens o\u00f9 le produit est mis en exergue \u00e0 la recherche des saveurs les plus justes et les plus \u00e9tonnantes. \u00bb<br \/>\nBy Glenn Viel<br \/>\n(Menu served excluding drinks)<br \/>\nOffer valid only at lunch from Monday to Friday.<br \/>\nOffer not valid: at dinner, on weekends, on the eve of public holidays and on public holidays.<br \/>\nNot valid in July and August.<\/p>\n","protected":false},"excerpt":{"rendered":"<p>Share a sweet moment thanks to the Gourmandise Menu designed by our Chef Michel Hulin of restaurant La Cabro d\u2019Or.<\/p>\n","protected":false},"featured_media":467,"comment_status":"open","ping_status":"closed","template":"","meta":{"_acf_changed":false,"_et_pb_use_builder":"","_et_pb_old_content":"","_et_gb_content_width":""},"product_brand":[],"product_cat":[54,56],"product_tag":[],"class_list":{"0":"post-16669","1":"product","2":"type-product","3":"status-publish","4":"has-post-thumbnail","6":"product_cat-boxed-set","7":"product_cat-lunchs-or-dinners","8":"pa_nombre-de-personnes-1-person","9":"pa_nombre-de-personnes-2-persons","12":"first","13":"instock","14":"shipping-taxable","15":"purchasable","16":"product-type-woosb"},"acf":[],"yoast_head":"<!-- This site is optimized with the Yoast SEO plugin v27.2 - https:\/\/yoast.com\/product\/yoast-seo-wordpress\/ -->\n<title>Gourmandise menu at La Cabro d&#039;Or (Copie) | La Boutique de Baumani\u00e8re<\/title>\n<meta name=\"robots\" content=\"index, follow, max-snippet:-1, max-image-preview:large, max-video-preview:-1\" \/>\n<link rel=\"canonical\" href=\"https:\/\/www.baumaniereboutique.com\/en\/produits\/boxed-set\/lunchs-or-dinners\/gourmandise-menu-at-la-cabro-dor-copie\/\" \/>\n<meta property=\"og:locale\" content=\"en_US\" \/>\n<meta property=\"og:type\" content=\"article\" \/>\n<meta property=\"og:title\" content=\"Gourmandise menu at La Cabro d&#039;Or (Copie) | La Boutique de Baumani\u00e8re\" \/>\n<meta property=\"og:description\" content=\"Share a sweet moment thanks to the Gourmandise Menu designed by our Chef Michel Hulin of restaurant La Cabro d\u2019Or.\" \/>\n<meta property=\"og:url\" content=\"https:\/\/www.baumaniereboutique.com\/en\/produits\/boxed-set\/lunchs-or-dinners\/gourmandise-menu-at-la-cabro-dor-copie\/\" \/>\n<meta property=\"og:site_name\" content=\"La Boutique de Baumani\u00e8re\" \/>\n<meta property=\"article:modified_time\" content=\"2022-11-28T13:24:58+00:00\" \/>\n<meta property=\"og:image\" content=\"https:\/\/www.baumaniereboutique.com\/wp-content\/uploads\/2021\/12\/plat-cabro-1.jpg\" \/>\n\t<meta property=\"og:image:width\" content=\"800\" \/>\n\t<meta property=\"og:image:height\" content=\"800\" \/>\n\t<meta property=\"og:image:type\" content=\"image\/jpeg\" \/>\n<meta name=\"twitter:card\" content=\"summary_large_image\" \/>\n<meta name=\"twitter:label1\" content=\"Est. reading time\" \/>\n\t<meta name=\"twitter:data1\" content=\"1 minute\" \/>\n<script type=\"application\/ld+json\" class=\"yoast-schema-graph\">{\"@context\":\"https:\/\/schema.org\",\"@graph\":[{\"@type\":\"WebPage\",\"@id\":\"https:\/\/www.baumaniereboutique.com\/en\/produits\/boxed-set\/lunchs-or-dinners\/gourmandise-menu-at-la-cabro-dor-copie\/\",\"url\":\"https:\/\/www.baumaniereboutique.com\/en\/produits\/boxed-set\/lunchs-or-dinners\/gourmandise-menu-at-la-cabro-dor-copie\/\",\"name\":\"Gourmandise menu at La Cabro d'Or (Copie) | La Boutique de Baumani\u00e8re\",\"isPartOf\":{\"@id\":\"https:\/\/www.baumaniereboutique.com\/en\/#website\"},\"primaryImageOfPage\":{\"@id\":\"https:\/\/www.baumaniereboutique.com\/en\/produits\/boxed-set\/lunchs-or-dinners\/gourmandise-menu-at-la-cabro-dor-copie\/#primaryimage\"},\"image\":{\"@id\":\"https:\/\/www.baumaniereboutique.com\/en\/produits\/boxed-set\/lunchs-or-dinners\/gourmandise-menu-at-la-cabro-dor-copie\/#primaryimage\"},\"thumbnailUrl\":\"https:\/\/www.baumaniereboutique.com\/wp-content\/uploads\/2021\/12\/plat-cabro-1.jpg\",\"datePublished\":\"2022-11-28T13:02:42+00:00\",\"dateModified\":\"2022-11-28T13:24:58+00:00\",\"breadcrumb\":{\"@id\":\"https:\/\/www.baumaniereboutique.com\/en\/produits\/boxed-set\/lunchs-or-dinners\/gourmandise-menu-at-la-cabro-dor-copie\/#breadcrumb\"},\"inLanguage\":\"en-US\",\"potentialAction\":[{\"@type\":\"ReadAction\",\"target\":[\"https:\/\/www.baumaniereboutique.com\/en\/produits\/boxed-set\/lunchs-or-dinners\/gourmandise-menu-at-la-cabro-dor-copie\/\"]}]},{\"@type\":\"ImageObject\",\"inLanguage\":\"en-US\",\"@id\":\"https:\/\/www.baumaniereboutique.com\/en\/produits\/boxed-set\/lunchs-or-dinners\/gourmandise-menu-at-la-cabro-dor-copie\/#primaryimage\",\"url\":\"https:\/\/www.baumaniereboutique.com\/wp-content\/uploads\/2021\/12\/plat-cabro-1.jpg\",\"contentUrl\":\"https:\/\/www.baumaniereboutique.com\/wp-content\/uploads\/2021\/12\/plat-cabro-1.jpg\",\"width\":800,\"height\":800},{\"@type\":\"BreadcrumbList\",\"@id\":\"https:\/\/www.baumaniereboutique.com\/en\/produits\/boxed-set\/lunchs-or-dinners\/gourmandise-menu-at-la-cabro-dor-copie\/#breadcrumb\",\"itemListElement\":[{\"@type\":\"ListItem\",\"position\":1,\"name\":\"Homepage\",\"item\":\"https:\/\/www.baumaniereboutique.com\/en\/\"},{\"@type\":\"ListItem\",\"position\":2,\"name\":\"Boutique\",\"item\":\"https:\/\/www.baumaniereboutique.com\/boutique\/\"},{\"@type\":\"ListItem\",\"position\":3,\"name\":\"Gourmandise menu at La Cabro d&#8217;Or (Copie)\"}]},{\"@type\":\"WebSite\",\"@id\":\"https:\/\/www.baumaniereboutique.com\/en\/#website\",\"url\":\"https:\/\/www.baumaniereboutique.com\/en\/\",\"name\":\"La Boutique de Baumani\u00e8re\",\"description\":\"LES BAUX DE PROVENCE\",\"potentialAction\":[{\"@type\":\"SearchAction\",\"target\":{\"@type\":\"EntryPoint\",\"urlTemplate\":\"https:\/\/www.baumaniereboutique.com\/en\/?s={search_term_string}\"},\"query-input\":{\"@type\":\"PropertyValueSpecification\",\"valueRequired\":true,\"valueName\":\"search_term_string\"}}],\"inLanguage\":\"en-US\"}]}<\/script>\n<!-- \/ Yoast SEO plugin. -->","yoast_head_json":{"title":"Gourmandise menu at La Cabro d'Or (Copie) | La Boutique de Baumani\u00e8re","robots":{"index":"index","follow":"follow","max-snippet":"max-snippet:-1","max-image-preview":"max-image-preview:large","max-video-preview":"max-video-preview:-1"},"canonical":"https:\/\/www.baumaniereboutique.com\/en\/produits\/boxed-set\/lunchs-or-dinners\/gourmandise-menu-at-la-cabro-dor-copie\/","og_locale":"en_US","og_type":"article","og_title":"Gourmandise menu at La Cabro d'Or (Copie) | La Boutique de Baumani\u00e8re","og_description":"Share a sweet moment thanks to the Gourmandise Menu designed by our Chef Michel Hulin of restaurant La Cabro d\u2019Or.","og_url":"https:\/\/www.baumaniereboutique.com\/en\/produits\/boxed-set\/lunchs-or-dinners\/gourmandise-menu-at-la-cabro-dor-copie\/","og_site_name":"La Boutique de Baumani\u00e8re","article_modified_time":"2022-11-28T13:24:58+00:00","og_image":[{"width":800,"height":800,"url":"https:\/\/www.baumaniereboutique.com\/wp-content\/uploads\/2021\/12\/plat-cabro-1.jpg","type":"image\/jpeg"}],"twitter_card":"summary_large_image","twitter_misc":{"Est. reading time":"1 minute"},"schema":{"@context":"https:\/\/schema.org","@graph":[{"@type":"WebPage","@id":"https:\/\/www.baumaniereboutique.com\/en\/produits\/boxed-set\/lunchs-or-dinners\/gourmandise-menu-at-la-cabro-dor-copie\/","url":"https:\/\/www.baumaniereboutique.com\/en\/produits\/boxed-set\/lunchs-or-dinners\/gourmandise-menu-at-la-cabro-dor-copie\/","name":"Gourmandise menu at La Cabro d'Or (Copie) | La Boutique de Baumani\u00e8re","isPartOf":{"@id":"https:\/\/www.baumaniereboutique.com\/en\/#website"},"primaryImageOfPage":{"@id":"https:\/\/www.baumaniereboutique.com\/en\/produits\/boxed-set\/lunchs-or-dinners\/gourmandise-menu-at-la-cabro-dor-copie\/#primaryimage"},"image":{"@id":"https:\/\/www.baumaniereboutique.com\/en\/produits\/boxed-set\/lunchs-or-dinners\/gourmandise-menu-at-la-cabro-dor-copie\/#primaryimage"},"thumbnailUrl":"https:\/\/www.baumaniereboutique.com\/wp-content\/uploads\/2021\/12\/plat-cabro-1.jpg","datePublished":"2022-11-28T13:02:42+00:00","dateModified":"2022-11-28T13:24:58+00:00","breadcrumb":{"@id":"https:\/\/www.baumaniereboutique.com\/en\/produits\/boxed-set\/lunchs-or-dinners\/gourmandise-menu-at-la-cabro-dor-copie\/#breadcrumb"},"inLanguage":"en-US","potentialAction":[{"@type":"ReadAction","target":["https:\/\/www.baumaniereboutique.com\/en\/produits\/boxed-set\/lunchs-or-dinners\/gourmandise-menu-at-la-cabro-dor-copie\/"]}]},{"@type":"ImageObject","inLanguage":"en-US","@id":"https:\/\/www.baumaniereboutique.com\/en\/produits\/boxed-set\/lunchs-or-dinners\/gourmandise-menu-at-la-cabro-dor-copie\/#primaryimage","url":"https:\/\/www.baumaniereboutique.com\/wp-content\/uploads\/2021\/12\/plat-cabro-1.jpg","contentUrl":"https:\/\/www.baumaniereboutique.com\/wp-content\/uploads\/2021\/12\/plat-cabro-1.jpg","width":800,"height":800},{"@type":"BreadcrumbList","@id":"https:\/\/www.baumaniereboutique.com\/en\/produits\/boxed-set\/lunchs-or-dinners\/gourmandise-menu-at-la-cabro-dor-copie\/#breadcrumb","itemListElement":[{"@type":"ListItem","position":1,"name":"Homepage","item":"https:\/\/www.baumaniereboutique.com\/en\/"},{"@type":"ListItem","position":2,"name":"Boutique","item":"https:\/\/www.baumaniereboutique.com\/boutique\/"},{"@type":"ListItem","position":3,"name":"Gourmandise menu at La Cabro d&#8217;Or (Copie)"}]},{"@type":"WebSite","@id":"https:\/\/www.baumaniereboutique.com\/en\/#website","url":"https:\/\/www.baumaniereboutique.com\/en\/","name":"La Boutique de Baumani\u00e8re","description":"LES BAUX DE PROVENCE","potentialAction":[{"@type":"SearchAction","target":{"@type":"EntryPoint","urlTemplate":"https:\/\/www.baumaniereboutique.com\/en\/?s={search_term_string}"},"query-input":{"@type":"PropertyValueSpecification","valueRequired":true,"valueName":"search_term_string"}}],"inLanguage":"en-US"}]}},"_links":{"self":[{"href":"https:\/\/www.baumaniereboutique.com\/en\/wp-json\/wp\/v2\/product\/16669","targetHints":{"allow":["GET"]}}],"collection":[{"href":"https:\/\/www.baumaniereboutique.com\/en\/wp-json\/wp\/v2\/product"}],"about":[{"href":"https:\/\/www.baumaniereboutique.com\/en\/wp-json\/wp\/v2\/types\/product"}],"replies":[{"embeddable":true,"href":"https:\/\/www.baumaniereboutique.com\/en\/wp-json\/wp\/v2\/comments?post=16669"}],"wp:featuredmedia":[{"embeddable":true,"href":"https:\/\/www.baumaniereboutique.com\/en\/wp-json\/wp\/v2\/media\/467"}],"wp:attachment":[{"href":"https:\/\/www.baumaniereboutique.com\/en\/wp-json\/wp\/v2\/media?parent=16669"}],"wp:term":[{"taxonomy":"product_brand","embeddable":true,"href":"https:\/\/www.baumaniereboutique.com\/en\/wp-json\/wp\/v2\/product_brand?post=16669"},{"taxonomy":"product_cat","embeddable":true,"href":"https:\/\/www.baumaniereboutique.com\/en\/wp-json\/wp\/v2\/product_cat?post=16669"},{"taxonomy":"product_tag","embeddable":true,"href":"https:\/\/www.baumaniereboutique.com\/en\/wp-json\/wp\/v2\/product_tag?post=16669"}],"curies":[{"name":"wp","href":"https:\/\/api.w.org\/{rel}","templated":true}]}}