{"id":298,"date":"2021-12-06T14:42:59","date_gmt":"2021-12-06T13:42:59","guid":{"rendered":"https:\/\/www.baumaniereboutique.com\/produits\/uncategorized\/luxe-terrasse-room\/"},"modified":"2024-06-26T13:49:48","modified_gmt":"2024-06-26T11:49:48","slug":"deluxe-terrace-room-breakfast","status":"publish","type":"product","link":"https:\/\/www.baumaniereboutique.com\/en\/produits\/boxed-set\/cooking-and-oenology-classes\/deluxe-terrace-room-breakfast\/","title":{"rendered":"Deluxe terrace room &#038; Breakfast"},"content":{"rendered":"<p>Baumani\u00e8re les Baux-de-Provence opens its doors to you for a soothing night.<br \/>\nCome and appreciate the unique mineral beauty of the area for a relaxing stay.<\/p>\n<p>This package includes:<br \/>\n&#8211; One night in a Luxury room in one of our five buildings, in the Luxury Terrace category<br \/>\n&#8211; Buffet breakfast in our gourmet restaurant La Cabro d&#8217;Or<br \/>\n&#8211; Local taxes<\/p>\n<p>This gift pack is available at 2 rates:<br \/>\n&#8211; High season rate: valid all year round<br \/>\n&#8211; Low season rate: valid from 15 October 2024 to 15 April 2025 and from 15 October 2025 to 15 April 2026<\/p>\n<p>Offer subject to reservation and availability. Excluding Easter weekend and the day before bank holidays, subject to opening days and availability.<br \/>\nValid for 1 year from date of purchase.<\/p>\n","protected":false},"excerpt":{"rendered":"<p>Baumani\u00e8re les Baux-de-Provence opens its doors for a soothing night<\/p>\n","protected":false},"featured_media":373,"comment_status":"open","ping_status":"closed","template":"","meta":{"_acf_changed":false,"_et_pb_use_builder":"","_et_pb_old_content":"","_et_gb_content_width":""},"product_brand":[],"product_cat":[54,57],"product_tag":[],"class_list":{"0":"post-298","1":"product","2":"type-product","3":"status-publish","4":"has-post-thumbnail","6":"product_cat-boxed-set","7":"product_cat-cooking-and-oenology-classes","8":"pa_saison-high-season","9":"pa_saison-low-season","11":"first","12":"instock","13":"shipping-taxable","14":"purchasable","15":"product-type-woosb"},"acf":[],"yoast_head":"<!-- This site is optimized with the Yoast SEO plugin v27.2 - https:\/\/yoast.com\/product\/yoast-seo-wordpress\/ -->\n<title>Deluxe terrace room &amp; Breakfast | La Boutique de Baumani\u00e8re<\/title>\n<meta name=\"description\" content=\"Coffret cadeau S\u00e9jour en Provence-Alpes-C\u00f4te d&#039;azur, Les Baux de Provence | Une nuit en Chambre Luxe terrasse.\" \/>\n<meta name=\"robots\" content=\"noindex, nofollow\" \/>\n<meta property=\"og:locale\" content=\"en_US\" \/>\n<meta property=\"og:type\" content=\"article\" \/>\n<meta property=\"og:title\" content=\"Deluxe terrace room &amp; Breakfast | La Boutique de Baumani\u00e8re\" \/>\n<meta property=\"og:description\" content=\"Coffret cadeau S\u00e9jour en Provence-Alpes-C\u00f4te d&#039;azur, Les Baux de Provence | Une nuit en Chambre Luxe terrasse.\" \/>\n<meta property=\"og:url\" content=\"https:\/\/www.baumaniereboutique.com\/en\/produits\/boxed-set\/cooking-and-oenology-classes\/deluxe-terrace-room-breakfast\/\" \/>\n<meta property=\"og:site_name\" content=\"La Boutique de Baumani\u00e8re\" \/>\n<meta property=\"article:modified_time\" content=\"2024-06-26T11:49:48+00:00\" \/>\n<meta property=\"og:image\" content=\"https:\/\/www.baumaniereboutique.com\/wp-content\/uploads\/2021\/12\/Chambre-luxe-terrasse2.jpg\" \/>\n\t<meta property=\"og:image:width\" content=\"800\" \/>\n\t<meta property=\"og:image:height\" content=\"800\" \/>\n\t<meta property=\"og:image:type\" content=\"image\/jpeg\" \/>\n<meta name=\"twitter:card\" content=\"summary_large_image\" \/>\n<meta name=\"twitter:label1\" content=\"Est. reading time\" \/>\n\t<meta name=\"twitter:data1\" content=\"1 minute\" \/>\n<script type=\"application\/ld+json\" class=\"yoast-schema-graph\">{\"@context\":\"https:\/\/schema.org\",\"@graph\":[{\"@type\":\"WebPage\",\"@id\":\"https:\/\/www.baumaniereboutique.com\/en\/produits\/boxed-set\/cooking-and-oenology-classes\/deluxe-terrace-room-breakfast\/\",\"url\":\"https:\/\/www.baumaniereboutique.com\/en\/produits\/boxed-set\/cooking-and-oenology-classes\/deluxe-terrace-room-breakfast\/\",\"name\":\"Deluxe terrace room & Breakfast | La Boutique de Baumani\u00e8re\",\"isPartOf\":{\"@id\":\"https:\/\/www.baumaniereboutique.com\/en\/#website\"},\"primaryImageOfPage\":{\"@id\":\"https:\/\/www.baumaniereboutique.com\/en\/produits\/boxed-set\/cooking-and-oenology-classes\/deluxe-terrace-room-breakfast\/#primaryimage\"},\"image\":{\"@id\":\"https:\/\/www.baumaniereboutique.com\/en\/produits\/boxed-set\/cooking-and-oenology-classes\/deluxe-terrace-room-breakfast\/#primaryimage\"},\"thumbnailUrl\":\"https:\/\/www.baumaniereboutique.com\/wp-content\/uploads\/2021\/12\/Chambre-luxe-terrasse2.jpg\",\"datePublished\":\"2021-12-06T13:42:59+00:00\",\"dateModified\":\"2024-06-26T11:49:48+00:00\",\"description\":\"Coffret cadeau S\u00e9jour en Provence-Alpes-C\u00f4te d'azur, Les Baux de Provence | Une nuit en Chambre Luxe terrasse.\",\"breadcrumb\":{\"@id\":\"https:\/\/www.baumaniereboutique.com\/en\/produits\/boxed-set\/cooking-and-oenology-classes\/deluxe-terrace-room-breakfast\/#breadcrumb\"},\"inLanguage\":\"en-US\",\"potentialAction\":[{\"@type\":\"ReadAction\",\"target\":[\"https:\/\/www.baumaniereboutique.com\/en\/produits\/boxed-set\/cooking-and-oenology-classes\/deluxe-terrace-room-breakfast\/\"]}]},{\"@type\":\"ImageObject\",\"inLanguage\":\"en-US\",\"@id\":\"https:\/\/www.baumaniereboutique.com\/en\/produits\/boxed-set\/cooking-and-oenology-classes\/deluxe-terrace-room-breakfast\/#primaryimage\",\"url\":\"https:\/\/www.baumaniereboutique.com\/wp-content\/uploads\/2021\/12\/Chambre-luxe-terrasse2.jpg\",\"contentUrl\":\"https:\/\/www.baumaniereboutique.com\/wp-content\/uploads\/2021\/12\/Chambre-luxe-terrasse2.jpg\",\"width\":800,\"height\":800},{\"@type\":\"BreadcrumbList\",\"@id\":\"https:\/\/www.baumaniereboutique.com\/en\/produits\/boxed-set\/cooking-and-oenology-classes\/deluxe-terrace-room-breakfast\/#breadcrumb\",\"itemListElement\":[{\"@type\":\"ListItem\",\"position\":1,\"name\":\"Homepage\",\"item\":\"https:\/\/www.baumaniereboutique.com\/en\/\"},{\"@type\":\"ListItem\",\"position\":2,\"name\":\"Boutique\",\"item\":\"https:\/\/www.baumaniereboutique.com\/boutique\/\"},{\"@type\":\"ListItem\",\"position\":3,\"name\":\"Deluxe terrace room &#038; Breakfast\"}]},{\"@type\":\"WebSite\",\"@id\":\"https:\/\/www.baumaniereboutique.com\/en\/#website\",\"url\":\"https:\/\/www.baumaniereboutique.com\/en\/\",\"name\":\"La Boutique de Baumani\u00e8re\",\"description\":\"LES BAUX DE PROVENCE\",\"potentialAction\":[{\"@type\":\"SearchAction\",\"target\":{\"@type\":\"EntryPoint\",\"urlTemplate\":\"https:\/\/www.baumaniereboutique.com\/en\/?s={search_term_string}\"},\"query-input\":{\"@type\":\"PropertyValueSpecification\",\"valueRequired\":true,\"valueName\":\"search_term_string\"}}],\"inLanguage\":\"en-US\"}]}<\/script>\n<!-- \/ Yoast SEO plugin. -->","yoast_head_json":{"title":"Deluxe terrace room & Breakfast | La Boutique de Baumani\u00e8re","description":"Coffret cadeau S\u00e9jour en Provence-Alpes-C\u00f4te d'azur, Les Baux de Provence | Une nuit en Chambre Luxe terrasse.","robots":{"index":"noindex","follow":"nofollow"},"og_locale":"en_US","og_type":"article","og_title":"Deluxe terrace room & Breakfast | La Boutique de Baumani\u00e8re","og_description":"Coffret cadeau S\u00e9jour en Provence-Alpes-C\u00f4te d'azur, Les Baux de Provence | Une nuit en Chambre Luxe terrasse.","og_url":"https:\/\/www.baumaniereboutique.com\/en\/produits\/boxed-set\/cooking-and-oenology-classes\/deluxe-terrace-room-breakfast\/","og_site_name":"La Boutique de Baumani\u00e8re","article_modified_time":"2024-06-26T11:49:48+00:00","og_image":[{"width":800,"height":800,"url":"https:\/\/www.baumaniereboutique.com\/wp-content\/uploads\/2021\/12\/Chambre-luxe-terrasse2.jpg","type":"image\/jpeg"}],"twitter_card":"summary_large_image","twitter_misc":{"Est. reading time":"1 minute"},"schema":{"@context":"https:\/\/schema.org","@graph":[{"@type":"WebPage","@id":"https:\/\/www.baumaniereboutique.com\/en\/produits\/boxed-set\/cooking-and-oenology-classes\/deluxe-terrace-room-breakfast\/","url":"https:\/\/www.baumaniereboutique.com\/en\/produits\/boxed-set\/cooking-and-oenology-classes\/deluxe-terrace-room-breakfast\/","name":"Deluxe terrace room & Breakfast | La Boutique de Baumani\u00e8re","isPartOf":{"@id":"https:\/\/www.baumaniereboutique.com\/en\/#website"},"primaryImageOfPage":{"@id":"https:\/\/www.baumaniereboutique.com\/en\/produits\/boxed-set\/cooking-and-oenology-classes\/deluxe-terrace-room-breakfast\/#primaryimage"},"image":{"@id":"https:\/\/www.baumaniereboutique.com\/en\/produits\/boxed-set\/cooking-and-oenology-classes\/deluxe-terrace-room-breakfast\/#primaryimage"},"thumbnailUrl":"https:\/\/www.baumaniereboutique.com\/wp-content\/uploads\/2021\/12\/Chambre-luxe-terrasse2.jpg","datePublished":"2021-12-06T13:42:59+00:00","dateModified":"2024-06-26T11:49:48+00:00","description":"Coffret cadeau S\u00e9jour en Provence-Alpes-C\u00f4te d'azur, Les Baux de Provence | Une nuit en Chambre Luxe terrasse.","breadcrumb":{"@id":"https:\/\/www.baumaniereboutique.com\/en\/produits\/boxed-set\/cooking-and-oenology-classes\/deluxe-terrace-room-breakfast\/#breadcrumb"},"inLanguage":"en-US","potentialAction":[{"@type":"ReadAction","target":["https:\/\/www.baumaniereboutique.com\/en\/produits\/boxed-set\/cooking-and-oenology-classes\/deluxe-terrace-room-breakfast\/"]}]},{"@type":"ImageObject","inLanguage":"en-US","@id":"https:\/\/www.baumaniereboutique.com\/en\/produits\/boxed-set\/cooking-and-oenology-classes\/deluxe-terrace-room-breakfast\/#primaryimage","url":"https:\/\/www.baumaniereboutique.com\/wp-content\/uploads\/2021\/12\/Chambre-luxe-terrasse2.jpg","contentUrl":"https:\/\/www.baumaniereboutique.com\/wp-content\/uploads\/2021\/12\/Chambre-luxe-terrasse2.jpg","width":800,"height":800},{"@type":"BreadcrumbList","@id":"https:\/\/www.baumaniereboutique.com\/en\/produits\/boxed-set\/cooking-and-oenology-classes\/deluxe-terrace-room-breakfast\/#breadcrumb","itemListElement":[{"@type":"ListItem","position":1,"name":"Homepage","item":"https:\/\/www.baumaniereboutique.com\/en\/"},{"@type":"ListItem","position":2,"name":"Boutique","item":"https:\/\/www.baumaniereboutique.com\/boutique\/"},{"@type":"ListItem","position":3,"name":"Deluxe terrace room &#038; Breakfast"}]},{"@type":"WebSite","@id":"https:\/\/www.baumaniereboutique.com\/en\/#website","url":"https:\/\/www.baumaniereboutique.com\/en\/","name":"La Boutique de Baumani\u00e8re","description":"LES BAUX DE PROVENCE","potentialAction":[{"@type":"SearchAction","target":{"@type":"EntryPoint","urlTemplate":"https:\/\/www.baumaniereboutique.com\/en\/?s={search_term_string}"},"query-input":{"@type":"PropertyValueSpecification","valueRequired":true,"valueName":"search_term_string"}}],"inLanguage":"en-US"}]}},"_links":{"self":[{"href":"https:\/\/www.baumaniereboutique.com\/en\/wp-json\/wp\/v2\/product\/298","targetHints":{"allow":["GET"]}}],"collection":[{"href":"https:\/\/www.baumaniereboutique.com\/en\/wp-json\/wp\/v2\/product"}],"about":[{"href":"https:\/\/www.baumaniereboutique.com\/en\/wp-json\/wp\/v2\/types\/product"}],"replies":[{"embeddable":true,"href":"https:\/\/www.baumaniereboutique.com\/en\/wp-json\/wp\/v2\/comments?post=298"}],"wp:featuredmedia":[{"embeddable":true,"href":"https:\/\/www.baumaniereboutique.com\/en\/wp-json\/wp\/v2\/media\/373"}],"wp:attachment":[{"href":"https:\/\/www.baumaniereboutique.com\/en\/wp-json\/wp\/v2\/media?parent=298"}],"wp:term":[{"taxonomy":"product_brand","embeddable":true,"href":"https:\/\/www.baumaniereboutique.com\/en\/wp-json\/wp\/v2\/product_brand?post=298"},{"taxonomy":"product_cat","embeddable":true,"href":"https:\/\/www.baumaniereboutique.com\/en\/wp-json\/wp\/v2\/product_cat?post=298"},{"taxonomy":"product_tag","embeddable":true,"href":"https:\/\/www.baumaniereboutique.com\/en\/wp-json\/wp\/v2\/product_tag?post=298"}],"curies":[{"name":"wp","href":"https:\/\/api.w.org\/{rel}","templated":true}]}}