{"id":4319,"date":"2021-12-07T16:29:24","date_gmt":"2022-05-03T12:43:56","guid":{"rendered":"https:\/\/www.baumaniereboutique.com\/?post_type=product&#038;p=4319"},"modified":"2022-05-03T14:43:56","modified_gmt":"2022-05-03T12:43:56","slug":"linvitation-blanc-2021","status":"publish","type":"product","link":"https:\/\/www.baumaniereboutique.com\/en\/produits\/products\/the-wine-cellar\/linvitation-blanc-2021\/","title":{"rendered":"L&#8217;Invitation Blanc 2021"},"content":{"rendered":"<p>Biodynamic wine &#8211; IGP Alpilles created by Jean-Andr\u00e9 Charial, owner of Baumani\u00e8re<\/p>\n<p>Hand picked \/ Blend : 55% Grenache blanc, 11,5% Chardonnay, 22% Roussanne and 11.5% Marsanne<\/p>\n<p>A word from our Head Sommelier :<br \/>\nA beautiful light yellow colour with green highlights, a discreet nose of pear and candied citron, this wine, at first glance, reveals its temperament in the mouth. A soft and rounded attack on the palate which continues on a beautiful tension given by the acidity.<br \/>\nFragrances of white fruit, citrus and star anise make up a delicate bouquet.<\/p>\n<p>Food and wine pairing :<br \/>\nPerfect with tuna and sardine tapas, goat cheese.<br \/>\nServe between 11 and 13 degrees.<\/p>\n<p>13,5% vol. \/ 750 ml<\/p>\n<p>Alcohol abuse is dangerous for your health, consume in moderation<\/p>\n","protected":false},"excerpt":{"rendered":"<p>Biodynamic wine &#8211; IGP Alpilles created by Jean-Andr\u00e9 Charial, owner of Baumani\u00e8re Hand picked \/ Blend : 55% Grenache blanc, 11,5% Chardonnay, 22% Roussanne and 11.5% Marsanne A word from our Head Sommelier : A beautiful light yellow colour with green highlights, a discreet nose of pear and candied citron, this wine, at first glance, [&hellip;]<\/p>\n","protected":false},"featured_media":33190,"comment_status":"open","ping_status":"closed","template":"","meta":{"_acf_changed":false,"_et_pb_use_builder":"","_et_pb_old_content":"","_et_gb_content_width":""},"product_brand":[],"product_cat":[114,108],"product_tag":[],"class_list":{"0":"post-4319","1":"product","2":"type-product","3":"status-publish","4":"has-post-thumbnail","6":"product_cat-products","7":"product_cat-the-wine-cellar","9":"first","10":"instock","11":"shipping-taxable","12":"purchasable","13":"product-type-simple"},"acf":[],"yoast_head":"<!-- This site is optimized with the Yoast SEO plugin v27.2 - https:\/\/yoast.com\/product\/yoast-seo-wordpress\/ -->\n<title>L&#039;Invitation Blanc 2021 | La Boutique de Baumani\u00e8re<\/title>\n<meta name=\"robots\" content=\"index, follow, max-snippet:-1, max-image-preview:large, max-video-preview:-1\" \/>\n<link rel=\"canonical\" href=\"https:\/\/www.baumaniereboutique.com\/en\/produits\/products\/the-wine-cellar\/linvitation-blanc-2021\/\" \/>\n<meta property=\"og:locale\" content=\"en_US\" \/>\n<meta property=\"og:type\" content=\"article\" \/>\n<meta property=\"og:title\" content=\"L&#039;Invitation Blanc 2021 | La Boutique de Baumani\u00e8re\" \/>\n<meta property=\"og:description\" content=\"Biodynamic wine &#8211; IGP Alpilles created by Jean-Andr\u00e9 Charial, owner of Baumani\u00e8re Hand picked \/ Blend : 55% Grenache blanc, 11,5% Chardonnay, 22% Roussanne and 11.5% Marsanne A word from our Head Sommelier : A beautiful light yellow colour with green highlights, a discreet nose of pear and candied citron, this wine, at first glance, [&hellip;]\" \/>\n<meta property=\"og:url\" content=\"https:\/\/www.baumaniereboutique.com\/en\/produits\/products\/the-wine-cellar\/linvitation-blanc-2021\/\" \/>\n<meta property=\"og:site_name\" content=\"La Boutique de Baumani\u00e8re\" \/>\n<meta property=\"og:image\" content=\"https:\/\/www.baumaniereboutique.com\/wp-content\/uploads\/2021\/12\/invitation-blanc-2020.jpg\" \/>\n\t<meta property=\"og:image:width\" content=\"2048\" \/>\n\t<meta property=\"og:image:height\" content=\"2048\" \/>\n\t<meta property=\"og:image:type\" content=\"image\/jpeg\" \/>\n<meta name=\"twitter:card\" content=\"summary_large_image\" \/>\n<meta name=\"twitter:label1\" content=\"Est. reading time\" \/>\n\t<meta name=\"twitter:data1\" content=\"1 minute\" \/>\n<script type=\"application\/ld+json\" class=\"yoast-schema-graph\">{\"@context\":\"https:\/\/schema.org\",\"@graph\":[{\"@type\":\"WebPage\",\"@id\":\"https:\/\/www.baumaniereboutique.com\/en\/produits\/products\/the-wine-cellar\/linvitation-blanc-2021\/\",\"url\":\"https:\/\/www.baumaniereboutique.com\/en\/produits\/products\/the-wine-cellar\/linvitation-blanc-2021\/\",\"name\":\"L'Invitation Blanc 2021 | La Boutique de Baumani\u00e8re\",\"isPartOf\":{\"@id\":\"https:\/\/www.baumaniereboutique.com\/en\/#website\"},\"primaryImageOfPage\":{\"@id\":\"https:\/\/www.baumaniereboutique.com\/en\/produits\/products\/the-wine-cellar\/linvitation-blanc-2021\/#primaryimage\"},\"image\":{\"@id\":\"https:\/\/www.baumaniereboutique.com\/en\/produits\/products\/the-wine-cellar\/linvitation-blanc-2021\/#primaryimage\"},\"thumbnailUrl\":\"https:\/\/www.baumaniereboutique.com\/wp-content\/uploads\/2021\/12\/INVITATION-2022-scaled.jpg\",\"datePublished\":\"2022-05-03T12:43:56+00:00\",\"breadcrumb\":{\"@id\":\"https:\/\/www.baumaniereboutique.com\/en\/produits\/products\/the-wine-cellar\/linvitation-blanc-2021\/#breadcrumb\"},\"inLanguage\":\"en-US\",\"potentialAction\":[{\"@type\":\"ReadAction\",\"target\":[\"https:\/\/www.baumaniereboutique.com\/en\/produits\/products\/the-wine-cellar\/linvitation-blanc-2021\/\"]}]},{\"@type\":\"ImageObject\",\"inLanguage\":\"en-US\",\"@id\":\"https:\/\/www.baumaniereboutique.com\/en\/produits\/products\/the-wine-cellar\/linvitation-blanc-2021\/#primaryimage\",\"url\":\"https:\/\/www.baumaniereboutique.com\/wp-content\/uploads\/2021\/12\/INVITATION-2022-scaled.jpg\",\"contentUrl\":\"https:\/\/www.baumaniereboutique.com\/wp-content\/uploads\/2021\/12\/INVITATION-2022-scaled.jpg\",\"width\":2560,\"height\":2560},{\"@type\":\"BreadcrumbList\",\"@id\":\"https:\/\/www.baumaniereboutique.com\/en\/produits\/products\/the-wine-cellar\/linvitation-blanc-2021\/#breadcrumb\",\"itemListElement\":[{\"@type\":\"ListItem\",\"position\":1,\"name\":\"Homepage\",\"item\":\"https:\/\/www.baumaniereboutique.com\/en\/\"},{\"@type\":\"ListItem\",\"position\":2,\"name\":\"Boutique\",\"item\":\"https:\/\/www.baumaniereboutique.com\/boutique\/\"},{\"@type\":\"ListItem\",\"position\":3,\"name\":\"L&#8217;Invitation Blanc 2021\"}]},{\"@type\":\"WebSite\",\"@id\":\"https:\/\/www.baumaniereboutique.com\/en\/#website\",\"url\":\"https:\/\/www.baumaniereboutique.com\/en\/\",\"name\":\"La Boutique de Baumani\u00e8re\",\"description\":\"LES BAUX DE PROVENCE\",\"potentialAction\":[{\"@type\":\"SearchAction\",\"target\":{\"@type\":\"EntryPoint\",\"urlTemplate\":\"https:\/\/www.baumaniereboutique.com\/en\/?s={search_term_string}\"},\"query-input\":{\"@type\":\"PropertyValueSpecification\",\"valueRequired\":true,\"valueName\":\"search_term_string\"}}],\"inLanguage\":\"en-US\"}]}<\/script>\n<!-- \/ Yoast SEO plugin. -->","yoast_head_json":{"title":"L'Invitation Blanc 2021 | La Boutique de Baumani\u00e8re","robots":{"index":"index","follow":"follow","max-snippet":"max-snippet:-1","max-image-preview":"max-image-preview:large","max-video-preview":"max-video-preview:-1"},"canonical":"https:\/\/www.baumaniereboutique.com\/en\/produits\/products\/the-wine-cellar\/linvitation-blanc-2021\/","og_locale":"en_US","og_type":"article","og_title":"L'Invitation Blanc 2021 | La Boutique de Baumani\u00e8re","og_description":"Biodynamic wine &#8211; IGP Alpilles created by Jean-Andr\u00e9 Charial, owner of Baumani\u00e8re Hand picked \/ Blend : 55% Grenache blanc, 11,5% Chardonnay, 22% Roussanne and 11.5% Marsanne A word from our Head Sommelier : A beautiful light yellow colour with green highlights, a discreet nose of pear and candied citron, this wine, at first glance, [&hellip;]","og_url":"https:\/\/www.baumaniereboutique.com\/en\/produits\/products\/the-wine-cellar\/linvitation-blanc-2021\/","og_site_name":"La Boutique de Baumani\u00e8re","og_image":[{"width":2048,"height":2048,"url":"https:\/\/www.baumaniereboutique.com\/wp-content\/uploads\/2021\/12\/invitation-blanc-2020.jpg","type":"image\/jpeg"}],"twitter_card":"summary_large_image","twitter_misc":{"Est. reading time":"1 minute"},"schema":{"@context":"https:\/\/schema.org","@graph":[{"@type":"WebPage","@id":"https:\/\/www.baumaniereboutique.com\/en\/produits\/products\/the-wine-cellar\/linvitation-blanc-2021\/","url":"https:\/\/www.baumaniereboutique.com\/en\/produits\/products\/the-wine-cellar\/linvitation-blanc-2021\/","name":"L'Invitation Blanc 2021 | La Boutique de Baumani\u00e8re","isPartOf":{"@id":"https:\/\/www.baumaniereboutique.com\/en\/#website"},"primaryImageOfPage":{"@id":"https:\/\/www.baumaniereboutique.com\/en\/produits\/products\/the-wine-cellar\/linvitation-blanc-2021\/#primaryimage"},"image":{"@id":"https:\/\/www.baumaniereboutique.com\/en\/produits\/products\/the-wine-cellar\/linvitation-blanc-2021\/#primaryimage"},"thumbnailUrl":"https:\/\/www.baumaniereboutique.com\/wp-content\/uploads\/2021\/12\/INVITATION-2022-scaled.jpg","datePublished":"2022-05-03T12:43:56+00:00","breadcrumb":{"@id":"https:\/\/www.baumaniereboutique.com\/en\/produits\/products\/the-wine-cellar\/linvitation-blanc-2021\/#breadcrumb"},"inLanguage":"en-US","potentialAction":[{"@type":"ReadAction","target":["https:\/\/www.baumaniereboutique.com\/en\/produits\/products\/the-wine-cellar\/linvitation-blanc-2021\/"]}]},{"@type":"ImageObject","inLanguage":"en-US","@id":"https:\/\/www.baumaniereboutique.com\/en\/produits\/products\/the-wine-cellar\/linvitation-blanc-2021\/#primaryimage","url":"https:\/\/www.baumaniereboutique.com\/wp-content\/uploads\/2021\/12\/INVITATION-2022-scaled.jpg","contentUrl":"https:\/\/www.baumaniereboutique.com\/wp-content\/uploads\/2021\/12\/INVITATION-2022-scaled.jpg","width":2560,"height":2560},{"@type":"BreadcrumbList","@id":"https:\/\/www.baumaniereboutique.com\/en\/produits\/products\/the-wine-cellar\/linvitation-blanc-2021\/#breadcrumb","itemListElement":[{"@type":"ListItem","position":1,"name":"Homepage","item":"https:\/\/www.baumaniereboutique.com\/en\/"},{"@type":"ListItem","position":2,"name":"Boutique","item":"https:\/\/www.baumaniereboutique.com\/boutique\/"},{"@type":"ListItem","position":3,"name":"L&#8217;Invitation Blanc 2021"}]},{"@type":"WebSite","@id":"https:\/\/www.baumaniereboutique.com\/en\/#website","url":"https:\/\/www.baumaniereboutique.com\/en\/","name":"La Boutique de Baumani\u00e8re","description":"LES BAUX DE PROVENCE","potentialAction":[{"@type":"SearchAction","target":{"@type":"EntryPoint","urlTemplate":"https:\/\/www.baumaniereboutique.com\/en\/?s={search_term_string}"},"query-input":{"@type":"PropertyValueSpecification","valueRequired":true,"valueName":"search_term_string"}}],"inLanguage":"en-US"}]}},"_links":{"self":[{"href":"https:\/\/www.baumaniereboutique.com\/en\/wp-json\/wp\/v2\/product\/4319","targetHints":{"allow":["GET"]}}],"collection":[{"href":"https:\/\/www.baumaniereboutique.com\/en\/wp-json\/wp\/v2\/product"}],"about":[{"href":"https:\/\/www.baumaniereboutique.com\/en\/wp-json\/wp\/v2\/types\/product"}],"replies":[{"embeddable":true,"href":"https:\/\/www.baumaniereboutique.com\/en\/wp-json\/wp\/v2\/comments?post=4319"}],"wp:featuredmedia":[{"embeddable":true,"href":"https:\/\/www.baumaniereboutique.com\/en\/wp-json\/wp\/v2\/media\/33190"}],"wp:attachment":[{"href":"https:\/\/www.baumaniereboutique.com\/en\/wp-json\/wp\/v2\/media?parent=4319"}],"wp:term":[{"taxonomy":"product_brand","embeddable":true,"href":"https:\/\/www.baumaniereboutique.com\/en\/wp-json\/wp\/v2\/product_brand?post=4319"},{"taxonomy":"product_cat","embeddable":true,"href":"https:\/\/www.baumaniereboutique.com\/en\/wp-json\/wp\/v2\/product_cat?post=4319"},{"taxonomy":"product_tag","embeddable":true,"href":"https:\/\/www.baumaniereboutique.com\/en\/wp-json\/wp\/v2\/product_tag?post=4319"}],"curies":[{"name":"wp","href":"https:\/\/api.w.org\/{rel}","templated":true}]}}