{"id":8370,"date":"2022-07-20T11:03:26","date_gmt":"2022-07-20T09:03:26","guid":{"rendered":"https:\/\/www.baumaniereboutique.com\/?post_type=product&#038;p=8370"},"modified":"2024-03-08T10:19:03","modified_gmt":"2024-03-08T09:19:03","slug":"coffret-de-bonbons-pralines","status":"publish","type":"product","link":"https:\/\/www.baumaniereboutique.com\/en\/produits\/chocolate-factory\/les-coffrets-en\/coffret-de-bonbons-pralines\/","title":{"rendered":"&#8220;Les Pralin\u00e9s&#8221; candy box"},"content":{"rendered":"<p><strong>Box of praline candies: (12 or 24 candies) <\/strong><br \/>Pistachio \/ milk coating <br \/>Coconut \/ honey \/ milk coating <br \/>Corn \/ black coating <br \/>Smoked almond 80% \/ Hazelnut 20% \/ black coating <br \/>Hazelnut \/ black or milk coating <br \/>Peanut \/ milk coating<\/p>\n<p>Ingredients: milk chocolate (sugar, cocoa butter, skimmed milk powder, cocoa beans, concentrated butter, emulsifier: soya lecithin), hazelnuts, dark chocolate (Brazilian cocoa beans, sugar, cocoa butter, emulsifier : soya lecithin, natural vanilla extract), pistachios, caster sugar, almonds, cocoa butter, milk chocolate (cocoa beans, unrefined cane sugar, milk powder, cocoa butter, sunflower lecithin [e322]), maize seeds, water, organic chestnut honey, shredded coconut, almonds, fleur de sel, peanuts Nutritional values per 100g : Energy: 2410kJ \/ 580kcal, Fat: 41g, Of which saturated fatty acids: 15g, Carbohydrates: 39g, Of which sugars: 34g, Protein: 10g, Salt: 0.43g BBD: 3 weeks<\/p>\n","protected":false},"excerpt":{"rendered":"<p>Box of praline candies: (12 or 24 candies) Pistachio \/ milk coating Coconut \/ honey \/ milk coating Corn \/ black coating Smoked almond 80% \/ Hazelnut 20% \/ black coating Hazelnut \/ black or milk coating Peanut \/ milk coating Ingredients: milk chocolate (sugar, cocoa butter, skimmed milk powder, cocoa beans, concentrated butter, emulsifier: [&hellip;]<\/p>\n","protected":false},"featured_media":9720,"comment_status":"closed","ping_status":"closed","template":"","meta":{"_acf_changed":false,"_et_pb_use_builder":"","_et_pb_old_content":"","_et_gb_content_width":""},"product_brand":[],"product_cat":[144,130],"product_tag":[],"class_list":{"0":"post-8370","1":"product","2":"type-product","3":"status-publish","4":"has-post-thumbnail","6":"product_cat-les-coffrets-en","7":"product_cat-chocolate-factory","9":"first","10":"instock","11":"shipping-taxable","12":"purchasable","13":"product-type-variable","14":"has-default-attributes"},"acf":[],"yoast_head":"<!-- This site is optimized with the Yoast SEO plugin v27.2 - https:\/\/yoast.com\/product\/yoast-seo-wordpress\/ -->\n<title>&quot;Les Pralin\u00e9s&quot; candy box | La Boutique de Baumani\u00e8re<\/title>\n<meta name=\"description\" content=\"Les pralin\u00e9s de la Chocolaterie Baumani\u00e8re\" \/>\n<meta name=\"robots\" content=\"index, follow, max-snippet:-1, max-image-preview:large, max-video-preview:-1\" \/>\n<link rel=\"canonical\" href=\"https:\/\/www.baumaniereboutique.com\/en\/produits\/chocolate-factory\/les-coffrets-en\/coffret-de-bonbons-pralines\/\" \/>\n<meta property=\"og:locale\" content=\"en_US\" \/>\n<meta property=\"og:type\" content=\"article\" \/>\n<meta property=\"og:title\" content=\"&quot;Les Pralin\u00e9s&quot; candy box | La Boutique de Baumani\u00e8re\" \/>\n<meta property=\"og:description\" content=\"Les pralin\u00e9s de la Chocolaterie Baumani\u00e8re\" \/>\n<meta property=\"og:url\" content=\"https:\/\/www.baumaniereboutique.com\/en\/produits\/chocolate-factory\/les-coffrets-en\/coffret-de-bonbons-pralines\/\" \/>\n<meta property=\"og:site_name\" content=\"La Boutique de Baumani\u00e8re\" \/>\n<meta property=\"article:modified_time\" content=\"2024-03-08T09:19:03+00:00\" \/>\n<meta property=\"og:image\" content=\"https:\/\/www.baumaniereboutique.com\/wp-content\/uploads\/2022\/08\/\u00a9VirginieOvessianPhotographe_DSC_7632_2.jpg\" \/>\n\t<meta property=\"og:image:width\" content=\"900\" \/>\n\t<meta property=\"og:image:height\" content=\"900\" \/>\n\t<meta property=\"og:image:type\" content=\"image\/jpeg\" \/>\n<meta name=\"twitter:card\" content=\"summary_large_image\" \/>\n<meta name=\"twitter:label1\" content=\"Est. reading time\" \/>\n\t<meta name=\"twitter:data1\" content=\"1 minute\" \/>\n<script type=\"application\/ld+json\" class=\"yoast-schema-graph\">{\"@context\":\"https:\/\/schema.org\",\"@graph\":[{\"@type\":\"WebPage\",\"@id\":\"https:\/\/www.baumaniereboutique.com\/en\/produits\/chocolate-factory\/les-coffrets-en\/coffret-de-bonbons-pralines\/\",\"url\":\"https:\/\/www.baumaniereboutique.com\/en\/produits\/chocolate-factory\/les-coffrets-en\/coffret-de-bonbons-pralines\/\",\"name\":\"\\\"Les Pralin\u00e9s\\\" candy box | La Boutique de Baumani\u00e8re\",\"isPartOf\":{\"@id\":\"https:\/\/www.baumaniereboutique.com\/en\/#website\"},\"primaryImageOfPage\":{\"@id\":\"https:\/\/www.baumaniereboutique.com\/en\/produits\/chocolate-factory\/les-coffrets-en\/coffret-de-bonbons-pralines\/#primaryimage\"},\"image\":{\"@id\":\"https:\/\/www.baumaniereboutique.com\/en\/produits\/chocolate-factory\/les-coffrets-en\/coffret-de-bonbons-pralines\/#primaryimage\"},\"thumbnailUrl\":\"https:\/\/www.baumaniereboutique.com\/wp-content\/uploads\/2022\/08\/\u00a9VirginieOvessianPhotographe_DSC_7632_2.jpg\",\"datePublished\":\"2022-07-20T09:03:26+00:00\",\"dateModified\":\"2024-03-08T09:19:03+00:00\",\"description\":\"Les pralin\u00e9s de la Chocolaterie Baumani\u00e8re\",\"breadcrumb\":{\"@id\":\"https:\/\/www.baumaniereboutique.com\/en\/produits\/chocolate-factory\/les-coffrets-en\/coffret-de-bonbons-pralines\/#breadcrumb\"},\"inLanguage\":\"en-US\",\"potentialAction\":[{\"@type\":\"ReadAction\",\"target\":[\"https:\/\/www.baumaniereboutique.com\/en\/produits\/chocolate-factory\/les-coffrets-en\/coffret-de-bonbons-pralines\/\"]}]},{\"@type\":\"ImageObject\",\"inLanguage\":\"en-US\",\"@id\":\"https:\/\/www.baumaniereboutique.com\/en\/produits\/chocolate-factory\/les-coffrets-en\/coffret-de-bonbons-pralines\/#primaryimage\",\"url\":\"https:\/\/www.baumaniereboutique.com\/wp-content\/uploads\/2022\/08\/\u00a9VirginieOvessianPhotographe_DSC_7632_2.jpg\",\"contentUrl\":\"https:\/\/www.baumaniereboutique.com\/wp-content\/uploads\/2022\/08\/\u00a9VirginieOvessianPhotographe_DSC_7632_2.jpg\",\"width\":900,\"height\":900,\"caption\":\"pralin\u00e9s baumaniere\"},{\"@type\":\"BreadcrumbList\",\"@id\":\"https:\/\/www.baumaniereboutique.com\/en\/produits\/chocolate-factory\/les-coffrets-en\/coffret-de-bonbons-pralines\/#breadcrumb\",\"itemListElement\":[{\"@type\":\"ListItem\",\"position\":1,\"name\":\"Homepage\",\"item\":\"https:\/\/www.baumaniereboutique.com\/en\/\"},{\"@type\":\"ListItem\",\"position\":2,\"name\":\"Boutique\",\"item\":\"https:\/\/www.baumaniereboutique.com\/boutique\/\"},{\"@type\":\"ListItem\",\"position\":3,\"name\":\"&#8220;Les Pralin\u00e9s&#8221; candy box\"}]},{\"@type\":\"WebSite\",\"@id\":\"https:\/\/www.baumaniereboutique.com\/en\/#website\",\"url\":\"https:\/\/www.baumaniereboutique.com\/en\/\",\"name\":\"La Boutique de Baumani\u00e8re\",\"description\":\"LES BAUX DE PROVENCE\",\"potentialAction\":[{\"@type\":\"SearchAction\",\"target\":{\"@type\":\"EntryPoint\",\"urlTemplate\":\"https:\/\/www.baumaniereboutique.com\/en\/?s={search_term_string}\"},\"query-input\":{\"@type\":\"PropertyValueSpecification\",\"valueRequired\":true,\"valueName\":\"search_term_string\"}}],\"inLanguage\":\"en-US\"}]}<\/script>\n<!-- \/ Yoast SEO plugin. -->","yoast_head_json":{"title":"\"Les Pralin\u00e9s\" candy box | La Boutique de Baumani\u00e8re","description":"Les pralin\u00e9s de la Chocolaterie Baumani\u00e8re","robots":{"index":"index","follow":"follow","max-snippet":"max-snippet:-1","max-image-preview":"max-image-preview:large","max-video-preview":"max-video-preview:-1"},"canonical":"https:\/\/www.baumaniereboutique.com\/en\/produits\/chocolate-factory\/les-coffrets-en\/coffret-de-bonbons-pralines\/","og_locale":"en_US","og_type":"article","og_title":"\"Les Pralin\u00e9s\" candy box | La Boutique de Baumani\u00e8re","og_description":"Les pralin\u00e9s de la Chocolaterie Baumani\u00e8re","og_url":"https:\/\/www.baumaniereboutique.com\/en\/produits\/chocolate-factory\/les-coffrets-en\/coffret-de-bonbons-pralines\/","og_site_name":"La Boutique de Baumani\u00e8re","article_modified_time":"2024-03-08T09:19:03+00:00","og_image":[{"width":900,"height":900,"url":"https:\/\/www.baumaniereboutique.com\/wp-content\/uploads\/2022\/08\/\u00a9VirginieOvessianPhotographe_DSC_7632_2.jpg","type":"image\/jpeg"}],"twitter_card":"summary_large_image","twitter_misc":{"Est. reading time":"1 minute"},"schema":{"@context":"https:\/\/schema.org","@graph":[{"@type":"WebPage","@id":"https:\/\/www.baumaniereboutique.com\/en\/produits\/chocolate-factory\/les-coffrets-en\/coffret-de-bonbons-pralines\/","url":"https:\/\/www.baumaniereboutique.com\/en\/produits\/chocolate-factory\/les-coffrets-en\/coffret-de-bonbons-pralines\/","name":"\"Les Pralin\u00e9s\" candy box | La Boutique de Baumani\u00e8re","isPartOf":{"@id":"https:\/\/www.baumaniereboutique.com\/en\/#website"},"primaryImageOfPage":{"@id":"https:\/\/www.baumaniereboutique.com\/en\/produits\/chocolate-factory\/les-coffrets-en\/coffret-de-bonbons-pralines\/#primaryimage"},"image":{"@id":"https:\/\/www.baumaniereboutique.com\/en\/produits\/chocolate-factory\/les-coffrets-en\/coffret-de-bonbons-pralines\/#primaryimage"},"thumbnailUrl":"https:\/\/www.baumaniereboutique.com\/wp-content\/uploads\/2022\/08\/\u00a9VirginieOvessianPhotographe_DSC_7632_2.jpg","datePublished":"2022-07-20T09:03:26+00:00","dateModified":"2024-03-08T09:19:03+00:00","description":"Les pralin\u00e9s de la Chocolaterie Baumani\u00e8re","breadcrumb":{"@id":"https:\/\/www.baumaniereboutique.com\/en\/produits\/chocolate-factory\/les-coffrets-en\/coffret-de-bonbons-pralines\/#breadcrumb"},"inLanguage":"en-US","potentialAction":[{"@type":"ReadAction","target":["https:\/\/www.baumaniereboutique.com\/en\/produits\/chocolate-factory\/les-coffrets-en\/coffret-de-bonbons-pralines\/"]}]},{"@type":"ImageObject","inLanguage":"en-US","@id":"https:\/\/www.baumaniereboutique.com\/en\/produits\/chocolate-factory\/les-coffrets-en\/coffret-de-bonbons-pralines\/#primaryimage","url":"https:\/\/www.baumaniereboutique.com\/wp-content\/uploads\/2022\/08\/\u00a9VirginieOvessianPhotographe_DSC_7632_2.jpg","contentUrl":"https:\/\/www.baumaniereboutique.com\/wp-content\/uploads\/2022\/08\/\u00a9VirginieOvessianPhotographe_DSC_7632_2.jpg","width":900,"height":900,"caption":"pralin\u00e9s baumaniere"},{"@type":"BreadcrumbList","@id":"https:\/\/www.baumaniereboutique.com\/en\/produits\/chocolate-factory\/les-coffrets-en\/coffret-de-bonbons-pralines\/#breadcrumb","itemListElement":[{"@type":"ListItem","position":1,"name":"Homepage","item":"https:\/\/www.baumaniereboutique.com\/en\/"},{"@type":"ListItem","position":2,"name":"Boutique","item":"https:\/\/www.baumaniereboutique.com\/boutique\/"},{"@type":"ListItem","position":3,"name":"&#8220;Les Pralin\u00e9s&#8221; candy box"}]},{"@type":"WebSite","@id":"https:\/\/www.baumaniereboutique.com\/en\/#website","url":"https:\/\/www.baumaniereboutique.com\/en\/","name":"La Boutique de Baumani\u00e8re","description":"LES BAUX DE PROVENCE","potentialAction":[{"@type":"SearchAction","target":{"@type":"EntryPoint","urlTemplate":"https:\/\/www.baumaniereboutique.com\/en\/?s={search_term_string}"},"query-input":{"@type":"PropertyValueSpecification","valueRequired":true,"valueName":"search_term_string"}}],"inLanguage":"en-US"}]}},"_links":{"self":[{"href":"https:\/\/www.baumaniereboutique.com\/en\/wp-json\/wp\/v2\/product\/8370","targetHints":{"allow":["GET"]}}],"collection":[{"href":"https:\/\/www.baumaniereboutique.com\/en\/wp-json\/wp\/v2\/product"}],"about":[{"href":"https:\/\/www.baumaniereboutique.com\/en\/wp-json\/wp\/v2\/types\/product"}],"replies":[{"embeddable":true,"href":"https:\/\/www.baumaniereboutique.com\/en\/wp-json\/wp\/v2\/comments?post=8370"}],"wp:featuredmedia":[{"embeddable":true,"href":"https:\/\/www.baumaniereboutique.com\/en\/wp-json\/wp\/v2\/media\/9720"}],"wp:attachment":[{"href":"https:\/\/www.baumaniereboutique.com\/en\/wp-json\/wp\/v2\/media?parent=8370"}],"wp:term":[{"taxonomy":"product_brand","embeddable":true,"href":"https:\/\/www.baumaniereboutique.com\/en\/wp-json\/wp\/v2\/product_brand?post=8370"},{"taxonomy":"product_cat","embeddable":true,"href":"https:\/\/www.baumaniereboutique.com\/en\/wp-json\/wp\/v2\/product_cat?post=8370"},{"taxonomy":"product_tag","embeddable":true,"href":"https:\/\/www.baumaniereboutique.com\/en\/wp-json\/wp\/v2\/product_tag?post=8370"}],"curies":[{"name":"wp","href":"https:\/\/api.w.org\/{rel}","templated":true}]}}