{"id":9291,"date":"2022-08-22T13:39:07","date_gmt":"2022-08-22T11:39:07","guid":{"rendered":"https:\/\/www.baumaniereboutique.com\/?post_type=product&#038;p=9291"},"modified":"2022-09-12T14:11:08","modified_gmt":"2022-09-12T12:11:08","slug":"olive-oil-pdo-baux-de-provence","status":"publish","type":"product","link":"https:\/\/www.baumaniereboutique.com\/en\/produits\/products\/delicacies\/olive-oil-pdo-baux-de-provence\/","title":{"rendered":"Olive Oil PDO Baux-de-Provence"},"content":{"rendered":"<p>Olive Oil from the Vall\u00e9e des Baux-de-Provence<br \/>\nExtra Virgin &#8211; Appellation d&#8217;origine contr\u00f4l\u00e9e &#8211; 0.75 L<br \/>\nProduct of organic farming<\/p>\n<p>The olive oil &#8221; l&#8217;Olivier &#8221; is the result of the varietal assembly of : Salonenque, Grossane, Verdale and Picholine.<br \/>\n4 traditional varieties harvested from November to December on the biodynamic farm, which gives this oil a subtle blend of citrus aromas.<\/p>\n","protected":false},"excerpt":{"rendered":"<p>Olive Oil from the Vall\u00e9e des Baux-de-Provence Extra Virgin &#8211; Appellation d&#8217;origine contr\u00f4l\u00e9e &#8211; 0.75 L Product of organic farming The olive oil &#8221; l&#8217;Olivier &#8221; is the result of the varietal assembly of : Salonenque, Grossane, Verdale and Picholine. 4 traditional varieties harvested from November to December on the biodynamic farm, which gives this [&hellip;]<\/p>\n","protected":false},"featured_media":345,"comment_status":"open","ping_status":"closed","template":"","meta":{"_acf_changed":false,"_et_pb_use_builder":"","_et_pb_old_content":"","_et_gb_content_width":""},"product_brand":[],"product_cat":[111,114],"product_tag":[],"class_list":{"0":"post-9291","1":"product","2":"type-product","3":"status-publish","4":"has-post-thumbnail","6":"product_cat-delicacies","7":"product_cat-products","9":"first","10":"instock","11":"shipping-taxable","12":"purchasable","13":"product-type-simple"},"acf":[],"yoast_head":"<!-- This site is optimized with the Yoast SEO plugin v27.2 - https:\/\/yoast.com\/product\/yoast-seo-wordpress\/ -->\n<title>Olive Oil PDO Baux-de-Provence | La Boutique de Baumani\u00e8re<\/title>\n<meta name=\"robots\" content=\"index, follow, max-snippet:-1, max-image-preview:large, max-video-preview:-1\" \/>\n<link rel=\"canonical\" href=\"https:\/\/www.baumaniereboutique.com\/en\/produits\/products\/delicacies\/olive-oil-pdo-baux-de-provence\/\" \/>\n<meta property=\"og:locale\" content=\"en_US\" \/>\n<meta property=\"og:type\" content=\"article\" \/>\n<meta property=\"og:title\" content=\"Olive Oil PDO Baux-de-Provence | La Boutique de Baumani\u00e8re\" \/>\n<meta property=\"og:description\" content=\"Olive Oil from the Vall\u00e9e des Baux-de-Provence Extra Virgin &#8211; Appellation d&#8217;origine contr\u00f4l\u00e9e &#8211; 0.75 L Product of organic farming The olive oil &#8221; l&#8217;Olivier &#8221; is the result of the varietal assembly of : Salonenque, Grossane, Verdale and Picholine. 4 traditional varieties harvested from November to December on the biodynamic farm, which gives this [&hellip;]\" \/>\n<meta property=\"og:url\" content=\"https:\/\/www.baumaniereboutique.com\/en\/produits\/products\/delicacies\/olive-oil-pdo-baux-de-provence\/\" \/>\n<meta property=\"og:site_name\" content=\"La Boutique de Baumani\u00e8re\" \/>\n<meta property=\"article:modified_time\" content=\"2022-09-12T12:11:08+00:00\" \/>\n<meta property=\"og:image\" content=\"https:\/\/www.baumaniereboutique.com\/wp-content\/uploads\/2021\/12\/affectif-rose-2020.jpg\" \/>\n\t<meta property=\"og:image:width\" content=\"2048\" \/>\n\t<meta property=\"og:image:height\" content=\"2048\" \/>\n\t<meta property=\"og:image:type\" content=\"image\/jpeg\" \/>\n<meta name=\"twitter:card\" content=\"summary_large_image\" \/>\n<script type=\"application\/ld+json\" class=\"yoast-schema-graph\">{\"@context\":\"https:\/\/schema.org\",\"@graph\":[{\"@type\":\"WebPage\",\"@id\":\"https:\/\/www.baumaniereboutique.com\/en\/produits\/products\/delicacies\/olive-oil-pdo-baux-de-provence\/\",\"url\":\"https:\/\/www.baumaniereboutique.com\/en\/produits\/products\/delicacies\/olive-oil-pdo-baux-de-provence\/\",\"name\":\"Olive Oil PDO Baux-de-Provence | La Boutique de Baumani\u00e8re\",\"isPartOf\":{\"@id\":\"https:\/\/www.baumaniereboutique.com\/en\/#website\"},\"primaryImageOfPage\":{\"@id\":\"https:\/\/www.baumaniereboutique.com\/en\/produits\/products\/delicacies\/olive-oil-pdo-baux-de-provence\/#primaryimage\"},\"image\":{\"@id\":\"https:\/\/www.baumaniereboutique.com\/en\/produits\/products\/delicacies\/olive-oil-pdo-baux-de-provence\/#primaryimage\"},\"thumbnailUrl\":\"https:\/\/www.baumaniereboutique.com\/wp-content\/uploads\/2021\/12\/affectif-rose-2020.jpg\",\"datePublished\":\"2022-08-22T11:39:07+00:00\",\"dateModified\":\"2022-09-12T12:11:08+00:00\",\"breadcrumb\":{\"@id\":\"https:\/\/www.baumaniereboutique.com\/en\/produits\/products\/delicacies\/olive-oil-pdo-baux-de-provence\/#breadcrumb\"},\"inLanguage\":\"en-US\",\"potentialAction\":[{\"@type\":\"ReadAction\",\"target\":[\"https:\/\/www.baumaniereboutique.com\/en\/produits\/products\/delicacies\/olive-oil-pdo-baux-de-provence\/\"]}]},{\"@type\":\"ImageObject\",\"inLanguage\":\"en-US\",\"@id\":\"https:\/\/www.baumaniereboutique.com\/en\/produits\/products\/delicacies\/olive-oil-pdo-baux-de-provence\/#primaryimage\",\"url\":\"https:\/\/www.baumaniereboutique.com\/wp-content\/uploads\/2021\/12\/affectif-rose-2020.jpg\",\"contentUrl\":\"https:\/\/www.baumaniereboutique.com\/wp-content\/uploads\/2021\/12\/affectif-rose-2020.jpg\",\"width\":2048,\"height\":2048,\"caption\":\"L'Affectif Ros\u00e9 2021\"},{\"@type\":\"BreadcrumbList\",\"@id\":\"https:\/\/www.baumaniereboutique.com\/en\/produits\/products\/delicacies\/olive-oil-pdo-baux-de-provence\/#breadcrumb\",\"itemListElement\":[{\"@type\":\"ListItem\",\"position\":1,\"name\":\"Homepage\",\"item\":\"https:\/\/www.baumaniereboutique.com\/en\/\"},{\"@type\":\"ListItem\",\"position\":2,\"name\":\"Boutique\",\"item\":\"https:\/\/www.baumaniereboutique.com\/boutique\/\"},{\"@type\":\"ListItem\",\"position\":3,\"name\":\"Olive Oil PDO Baux-de-Provence\"}]},{\"@type\":\"WebSite\",\"@id\":\"https:\/\/www.baumaniereboutique.com\/en\/#website\",\"url\":\"https:\/\/www.baumaniereboutique.com\/en\/\",\"name\":\"La Boutique de Baumani\u00e8re\",\"description\":\"LES BAUX DE PROVENCE\",\"potentialAction\":[{\"@type\":\"SearchAction\",\"target\":{\"@type\":\"EntryPoint\",\"urlTemplate\":\"https:\/\/www.baumaniereboutique.com\/en\/?s={search_term_string}\"},\"query-input\":{\"@type\":\"PropertyValueSpecification\",\"valueRequired\":true,\"valueName\":\"search_term_string\"}}],\"inLanguage\":\"en-US\"}]}<\/script>\n<!-- \/ Yoast SEO plugin. -->","yoast_head_json":{"title":"Olive Oil PDO Baux-de-Provence | La Boutique de Baumani\u00e8re","robots":{"index":"index","follow":"follow","max-snippet":"max-snippet:-1","max-image-preview":"max-image-preview:large","max-video-preview":"max-video-preview:-1"},"canonical":"https:\/\/www.baumaniereboutique.com\/en\/produits\/products\/delicacies\/olive-oil-pdo-baux-de-provence\/","og_locale":"en_US","og_type":"article","og_title":"Olive Oil PDO Baux-de-Provence | La Boutique de Baumani\u00e8re","og_description":"Olive Oil from the Vall\u00e9e des Baux-de-Provence Extra Virgin &#8211; Appellation d&#8217;origine contr\u00f4l\u00e9e &#8211; 0.75 L Product of organic farming The olive oil &#8221; l&#8217;Olivier &#8221; is the result of the varietal assembly of : Salonenque, Grossane, Verdale and Picholine. 4 traditional varieties harvested from November to December on the biodynamic farm, which gives this [&hellip;]","og_url":"https:\/\/www.baumaniereboutique.com\/en\/produits\/products\/delicacies\/olive-oil-pdo-baux-de-provence\/","og_site_name":"La Boutique de Baumani\u00e8re","article_modified_time":"2022-09-12T12:11:08+00:00","og_image":[{"width":2048,"height":2048,"url":"https:\/\/www.baumaniereboutique.com\/wp-content\/uploads\/2021\/12\/affectif-rose-2020.jpg","type":"image\/jpeg"}],"twitter_card":"summary_large_image","schema":{"@context":"https:\/\/schema.org","@graph":[{"@type":"WebPage","@id":"https:\/\/www.baumaniereboutique.com\/en\/produits\/products\/delicacies\/olive-oil-pdo-baux-de-provence\/","url":"https:\/\/www.baumaniereboutique.com\/en\/produits\/products\/delicacies\/olive-oil-pdo-baux-de-provence\/","name":"Olive Oil PDO Baux-de-Provence | La Boutique de Baumani\u00e8re","isPartOf":{"@id":"https:\/\/www.baumaniereboutique.com\/en\/#website"},"primaryImageOfPage":{"@id":"https:\/\/www.baumaniereboutique.com\/en\/produits\/products\/delicacies\/olive-oil-pdo-baux-de-provence\/#primaryimage"},"image":{"@id":"https:\/\/www.baumaniereboutique.com\/en\/produits\/products\/delicacies\/olive-oil-pdo-baux-de-provence\/#primaryimage"},"thumbnailUrl":"https:\/\/www.baumaniereboutique.com\/wp-content\/uploads\/2021\/12\/affectif-rose-2020.jpg","datePublished":"2022-08-22T11:39:07+00:00","dateModified":"2022-09-12T12:11:08+00:00","breadcrumb":{"@id":"https:\/\/www.baumaniereboutique.com\/en\/produits\/products\/delicacies\/olive-oil-pdo-baux-de-provence\/#breadcrumb"},"inLanguage":"en-US","potentialAction":[{"@type":"ReadAction","target":["https:\/\/www.baumaniereboutique.com\/en\/produits\/products\/delicacies\/olive-oil-pdo-baux-de-provence\/"]}]},{"@type":"ImageObject","inLanguage":"en-US","@id":"https:\/\/www.baumaniereboutique.com\/en\/produits\/products\/delicacies\/olive-oil-pdo-baux-de-provence\/#primaryimage","url":"https:\/\/www.baumaniereboutique.com\/wp-content\/uploads\/2021\/12\/affectif-rose-2020.jpg","contentUrl":"https:\/\/www.baumaniereboutique.com\/wp-content\/uploads\/2021\/12\/affectif-rose-2020.jpg","width":2048,"height":2048,"caption":"L'Affectif Ros\u00e9 2021"},{"@type":"BreadcrumbList","@id":"https:\/\/www.baumaniereboutique.com\/en\/produits\/products\/delicacies\/olive-oil-pdo-baux-de-provence\/#breadcrumb","itemListElement":[{"@type":"ListItem","position":1,"name":"Homepage","item":"https:\/\/www.baumaniereboutique.com\/en\/"},{"@type":"ListItem","position":2,"name":"Boutique","item":"https:\/\/www.baumaniereboutique.com\/boutique\/"},{"@type":"ListItem","position":3,"name":"Olive Oil PDO Baux-de-Provence"}]},{"@type":"WebSite","@id":"https:\/\/www.baumaniereboutique.com\/en\/#website","url":"https:\/\/www.baumaniereboutique.com\/en\/","name":"La Boutique de Baumani\u00e8re","description":"LES BAUX DE PROVENCE","potentialAction":[{"@type":"SearchAction","target":{"@type":"EntryPoint","urlTemplate":"https:\/\/www.baumaniereboutique.com\/en\/?s={search_term_string}"},"query-input":{"@type":"PropertyValueSpecification","valueRequired":true,"valueName":"search_term_string"}}],"inLanguage":"en-US"}]}},"_links":{"self":[{"href":"https:\/\/www.baumaniereboutique.com\/en\/wp-json\/wp\/v2\/product\/9291","targetHints":{"allow":["GET"]}}],"collection":[{"href":"https:\/\/www.baumaniereboutique.com\/en\/wp-json\/wp\/v2\/product"}],"about":[{"href":"https:\/\/www.baumaniereboutique.com\/en\/wp-json\/wp\/v2\/types\/product"}],"replies":[{"embeddable":true,"href":"https:\/\/www.baumaniereboutique.com\/en\/wp-json\/wp\/v2\/comments?post=9291"}],"wp:featuredmedia":[{"embeddable":true,"href":"https:\/\/www.baumaniereboutique.com\/en\/wp-json\/wp\/v2\/media\/345"}],"wp:attachment":[{"href":"https:\/\/www.baumaniereboutique.com\/en\/wp-json\/wp\/v2\/media?parent=9291"}],"wp:term":[{"taxonomy":"product_brand","embeddable":true,"href":"https:\/\/www.baumaniereboutique.com\/en\/wp-json\/wp\/v2\/product_brand?post=9291"},{"taxonomy":"product_cat","embeddable":true,"href":"https:\/\/www.baumaniereboutique.com\/en\/wp-json\/wp\/v2\/product_cat?post=9291"},{"taxonomy":"product_tag","embeddable":true,"href":"https:\/\/www.baumaniereboutique.com\/en\/wp-json\/wp\/v2\/product_tag?post=9291"}],"curies":[{"name":"wp","href":"https:\/\/api.w.org\/{rel}","templated":true}]}}