{"id":9798,"date":"2022-08-29T14:48:39","date_gmt":"2022-08-29T12:48:39","guid":{"rendered":"https:\/\/www.baumaniereboutique.com\/?post_type=product&#038;p=9798"},"modified":"2024-03-08T09:56:40","modified_gmt":"2024-03-08T08:56:40","slug":"coffret-de-bonbons-la-collection","status":"publish","type":"product","link":"https:\/\/www.baumaniereboutique.com\/en\/produits\/chocolate-factory\/les-coffrets-en\/coffret-de-bonbons-la-collection\/","title":{"rendered":"&#8220;La Collection&#8221; candy box"},"content":{"rendered":"<p><strong>La Collection&#8221; candy box of pralines &amp; ganaches (12 or 24 candies) Pralines<\/strong><\/p>\n<p>Pistachio \/ caramel \/ milk coating <br \/>Coconut \/ chestnut honey \/ milk coating <br \/>Corn \/ dark coating <br \/>Smoked hazelnut &amp; almond \/ dark coating <br \/>Hazelnut \/ dark or milk coating <br \/>Sunflower \/ milk coating<\/p>\n<p>Ganaches<\/p>\n<p>Peruvian milk 50% \/ milk coating<br \/>Sao tom\u00e9 65% \/ black coating<br \/>Mexico 69% \/ dark coated<br \/>Milk chocolate-Cinnamon ganache \/ dark coating<br \/>Fresh mint \/ dark coating<br \/>Milk chocolate-roasted vanilla ganache \/ milk coating<\/p>\n<p>Ingredients: milk chocolate (sugar, cocoa butter, skimmed milk powder, cocoa beans, concentrated butter, emulsifier: soya lecithin), dark chocolate (Brazilian cocoa beans, sugar, cocoa butter, emulsifier: sunflower lecithin, natural vanilla extract), liquid cream (cream, stabilizer : carrageenan [E407]), milk chocolate (cocoa beans, unrefined cane sugar, milk powder, cocoa butter, sunflower lecithin [e322], fleur de sel), hazelnut, caster sugar, mint, almonds, dark chocolate (Mexican cocoa paste, sugar, cocoa butter, emulsifier : soya lecithin, natural vanilla powder), pistachios, dark chocolate (cocoa beans, unrefined cane sugar, sunflower lecithin [E322], fleur de sel), sunflower seeds, cocoa butter, corn seeds, sweet butter (dairy cream, lactic ferments), dextrose, invert sugar, water, organic chestnut honey (Honey), shredded coconut, glucose syrup, almonds, fleur de sel, orange blossom water, vanilla pod, organic cinnamon powder (Organic cinnamon powder) Nutritional values per 100g : 2147kJ \/ 517kcal, Fat: 37g, Of which saturated fatty acids: 17g, Carbohydrates: 36g, Of which sugars: 32g, Proteins: 7,9g, Salt: 0,26g BBD: 3 weeks<\/p>\n","protected":false},"excerpt":{"rendered":"<p>La Collection&#8221; candy box of pralines &amp; ganaches (12 or 24 candies) Pralines Pistachio \/ caramel \/ milk coating Coconut \/ chestnut honey \/ milk coating Corn \/ dark coating Smoked hazelnut &amp; almond \/ dark coating Hazelnut \/ dark or milk coating Sunflower \/ milk coating Ganaches Peruvian milk 50% \/ milk coatingSao tom\u00e9 [&hellip;]<\/p>\n","protected":false},"featured_media":9722,"comment_status":"closed","ping_status":"closed","template":"","meta":{"_acf_changed":false,"_et_pb_use_builder":"","_et_pb_old_content":"","_et_gb_content_width":""},"product_brand":[],"product_cat":[144,130],"product_tag":[],"class_list":{"0":"post-9798","1":"product","2":"type-product","3":"status-publish","4":"has-post-thumbnail","6":"product_cat-les-coffrets-en","7":"product_cat-chocolate-factory","9":"first","10":"instock","11":"shipping-taxable","12":"purchasable","13":"product-type-variable"},"acf":[],"yoast_head":"<!-- This site is optimized with the Yoast SEO plugin v27.2 - https:\/\/yoast.com\/product\/yoast-seo-wordpress\/ -->\n<title>&quot;La Collection&quot; candy box | La Boutique de Baumani\u00e8re<\/title>\n<meta name=\"description\" content=\"Les ganaches &amp; pralin\u00e9s de la Chocolaterie Baumani\u00e8re\" \/>\n<meta name=\"robots\" content=\"index, follow, max-snippet:-1, max-image-preview:large, max-video-preview:-1\" \/>\n<link rel=\"canonical\" href=\"https:\/\/www.baumaniereboutique.com\/en\/produits\/chocolate-factory\/les-coffrets-en\/coffret-de-bonbons-la-collection\/\" \/>\n<meta property=\"og:locale\" content=\"en_US\" \/>\n<meta property=\"og:type\" content=\"article\" \/>\n<meta property=\"og:title\" content=\"&quot;La Collection&quot; candy box | La Boutique de Baumani\u00e8re\" \/>\n<meta property=\"og:description\" content=\"Les ganaches &amp; pralin\u00e9s de la Chocolaterie Baumani\u00e8re\" \/>\n<meta property=\"og:url\" content=\"https:\/\/www.baumaniereboutique.com\/en\/produits\/chocolate-factory\/les-coffrets-en\/coffret-de-bonbons-la-collection\/\" \/>\n<meta property=\"og:site_name\" content=\"La Boutique de Baumani\u00e8re\" \/>\n<meta property=\"article:modified_time\" content=\"2024-03-08T08:56:40+00:00\" \/>\n<meta property=\"og:image\" content=\"https:\/\/www.baumaniereboutique.com\/wp-content\/uploads\/2022\/08\/\u00a9VirginieOvessianPhotographe_DSC_7651_2.jpg\" \/>\n\t<meta property=\"og:image:width\" content=\"900\" \/>\n\t<meta property=\"og:image:height\" content=\"900\" \/>\n\t<meta property=\"og:image:type\" content=\"image\/jpeg\" \/>\n<meta name=\"twitter:card\" content=\"summary_large_image\" \/>\n<meta name=\"twitter:label1\" content=\"Est. reading time\" \/>\n\t<meta name=\"twitter:data1\" content=\"1 minute\" \/>\n<script type=\"application\/ld+json\" class=\"yoast-schema-graph\">{\"@context\":\"https:\/\/schema.org\",\"@graph\":[{\"@type\":\"WebPage\",\"@id\":\"https:\/\/www.baumaniereboutique.com\/en\/produits\/chocolate-factory\/les-coffrets-en\/coffret-de-bonbons-la-collection\/\",\"url\":\"https:\/\/www.baumaniereboutique.com\/en\/produits\/chocolate-factory\/les-coffrets-en\/coffret-de-bonbons-la-collection\/\",\"name\":\"\\\"La Collection\\\" candy box | La Boutique de Baumani\u00e8re\",\"isPartOf\":{\"@id\":\"https:\/\/www.baumaniereboutique.com\/en\/#website\"},\"primaryImageOfPage\":{\"@id\":\"https:\/\/www.baumaniereboutique.com\/en\/produits\/chocolate-factory\/les-coffrets-en\/coffret-de-bonbons-la-collection\/#primaryimage\"},\"image\":{\"@id\":\"https:\/\/www.baumaniereboutique.com\/en\/produits\/chocolate-factory\/les-coffrets-en\/coffret-de-bonbons-la-collection\/#primaryimage\"},\"thumbnailUrl\":\"https:\/\/www.baumaniereboutique.com\/wp-content\/uploads\/2022\/08\/\u00a9VirginieOvessianPhotographe_DSC_7651_2.jpg\",\"datePublished\":\"2022-08-29T12:48:39+00:00\",\"dateModified\":\"2024-03-08T08:56:40+00:00\",\"description\":\"Les ganaches & pralin\u00e9s de la Chocolaterie Baumani\u00e8re\",\"breadcrumb\":{\"@id\":\"https:\/\/www.baumaniereboutique.com\/en\/produits\/chocolate-factory\/les-coffrets-en\/coffret-de-bonbons-la-collection\/#breadcrumb\"},\"inLanguage\":\"en-US\",\"potentialAction\":[{\"@type\":\"ReadAction\",\"target\":[\"https:\/\/www.baumaniereboutique.com\/en\/produits\/chocolate-factory\/les-coffrets-en\/coffret-de-bonbons-la-collection\/\"]}]},{\"@type\":\"ImageObject\",\"inLanguage\":\"en-US\",\"@id\":\"https:\/\/www.baumaniereboutique.com\/en\/produits\/chocolate-factory\/les-coffrets-en\/coffret-de-bonbons-la-collection\/#primaryimage\",\"url\":\"https:\/\/www.baumaniereboutique.com\/wp-content\/uploads\/2022\/08\/\u00a9VirginieOvessianPhotographe_DSC_7651_2.jpg\",\"contentUrl\":\"https:\/\/www.baumaniereboutique.com\/wp-content\/uploads\/2022\/08\/\u00a9VirginieOvessianPhotographe_DSC_7651_2.jpg\",\"width\":900,\"height\":900,\"caption\":\"la collection chocolat baumaniere\"},{\"@type\":\"BreadcrumbList\",\"@id\":\"https:\/\/www.baumaniereboutique.com\/en\/produits\/chocolate-factory\/les-coffrets-en\/coffret-de-bonbons-la-collection\/#breadcrumb\",\"itemListElement\":[{\"@type\":\"ListItem\",\"position\":1,\"name\":\"Homepage\",\"item\":\"https:\/\/www.baumaniereboutique.com\/en\/\"},{\"@type\":\"ListItem\",\"position\":2,\"name\":\"Boutique\",\"item\":\"https:\/\/www.baumaniereboutique.com\/boutique\/\"},{\"@type\":\"ListItem\",\"position\":3,\"name\":\"&#8220;La Collection&#8221; candy box\"}]},{\"@type\":\"WebSite\",\"@id\":\"https:\/\/www.baumaniereboutique.com\/en\/#website\",\"url\":\"https:\/\/www.baumaniereboutique.com\/en\/\",\"name\":\"La Boutique de Baumani\u00e8re\",\"description\":\"LES BAUX DE PROVENCE\",\"potentialAction\":[{\"@type\":\"SearchAction\",\"target\":{\"@type\":\"EntryPoint\",\"urlTemplate\":\"https:\/\/www.baumaniereboutique.com\/en\/?s={search_term_string}\"},\"query-input\":{\"@type\":\"PropertyValueSpecification\",\"valueRequired\":true,\"valueName\":\"search_term_string\"}}],\"inLanguage\":\"en-US\"}]}<\/script>\n<!-- \/ Yoast SEO plugin. -->","yoast_head_json":{"title":"\"La Collection\" candy box | La Boutique de Baumani\u00e8re","description":"Les ganaches & pralin\u00e9s de la Chocolaterie Baumani\u00e8re","robots":{"index":"index","follow":"follow","max-snippet":"max-snippet:-1","max-image-preview":"max-image-preview:large","max-video-preview":"max-video-preview:-1"},"canonical":"https:\/\/www.baumaniereboutique.com\/en\/produits\/chocolate-factory\/les-coffrets-en\/coffret-de-bonbons-la-collection\/","og_locale":"en_US","og_type":"article","og_title":"\"La Collection\" candy box | La Boutique de Baumani\u00e8re","og_description":"Les ganaches & pralin\u00e9s de la Chocolaterie Baumani\u00e8re","og_url":"https:\/\/www.baumaniereboutique.com\/en\/produits\/chocolate-factory\/les-coffrets-en\/coffret-de-bonbons-la-collection\/","og_site_name":"La Boutique de Baumani\u00e8re","article_modified_time":"2024-03-08T08:56:40+00:00","og_image":[{"width":900,"height":900,"url":"https:\/\/www.baumaniereboutique.com\/wp-content\/uploads\/2022\/08\/\u00a9VirginieOvessianPhotographe_DSC_7651_2.jpg","type":"image\/jpeg"}],"twitter_card":"summary_large_image","twitter_misc":{"Est. reading time":"1 minute"},"schema":{"@context":"https:\/\/schema.org","@graph":[{"@type":"WebPage","@id":"https:\/\/www.baumaniereboutique.com\/en\/produits\/chocolate-factory\/les-coffrets-en\/coffret-de-bonbons-la-collection\/","url":"https:\/\/www.baumaniereboutique.com\/en\/produits\/chocolate-factory\/les-coffrets-en\/coffret-de-bonbons-la-collection\/","name":"\"La Collection\" candy box | La Boutique de Baumani\u00e8re","isPartOf":{"@id":"https:\/\/www.baumaniereboutique.com\/en\/#website"},"primaryImageOfPage":{"@id":"https:\/\/www.baumaniereboutique.com\/en\/produits\/chocolate-factory\/les-coffrets-en\/coffret-de-bonbons-la-collection\/#primaryimage"},"image":{"@id":"https:\/\/www.baumaniereboutique.com\/en\/produits\/chocolate-factory\/les-coffrets-en\/coffret-de-bonbons-la-collection\/#primaryimage"},"thumbnailUrl":"https:\/\/www.baumaniereboutique.com\/wp-content\/uploads\/2022\/08\/\u00a9VirginieOvessianPhotographe_DSC_7651_2.jpg","datePublished":"2022-08-29T12:48:39+00:00","dateModified":"2024-03-08T08:56:40+00:00","description":"Les ganaches & pralin\u00e9s de la Chocolaterie Baumani\u00e8re","breadcrumb":{"@id":"https:\/\/www.baumaniereboutique.com\/en\/produits\/chocolate-factory\/les-coffrets-en\/coffret-de-bonbons-la-collection\/#breadcrumb"},"inLanguage":"en-US","potentialAction":[{"@type":"ReadAction","target":["https:\/\/www.baumaniereboutique.com\/en\/produits\/chocolate-factory\/les-coffrets-en\/coffret-de-bonbons-la-collection\/"]}]},{"@type":"ImageObject","inLanguage":"en-US","@id":"https:\/\/www.baumaniereboutique.com\/en\/produits\/chocolate-factory\/les-coffrets-en\/coffret-de-bonbons-la-collection\/#primaryimage","url":"https:\/\/www.baumaniereboutique.com\/wp-content\/uploads\/2022\/08\/\u00a9VirginieOvessianPhotographe_DSC_7651_2.jpg","contentUrl":"https:\/\/www.baumaniereboutique.com\/wp-content\/uploads\/2022\/08\/\u00a9VirginieOvessianPhotographe_DSC_7651_2.jpg","width":900,"height":900,"caption":"la collection chocolat baumaniere"},{"@type":"BreadcrumbList","@id":"https:\/\/www.baumaniereboutique.com\/en\/produits\/chocolate-factory\/les-coffrets-en\/coffret-de-bonbons-la-collection\/#breadcrumb","itemListElement":[{"@type":"ListItem","position":1,"name":"Homepage","item":"https:\/\/www.baumaniereboutique.com\/en\/"},{"@type":"ListItem","position":2,"name":"Boutique","item":"https:\/\/www.baumaniereboutique.com\/boutique\/"},{"@type":"ListItem","position":3,"name":"&#8220;La Collection&#8221; candy box"}]},{"@type":"WebSite","@id":"https:\/\/www.baumaniereboutique.com\/en\/#website","url":"https:\/\/www.baumaniereboutique.com\/en\/","name":"La Boutique de Baumani\u00e8re","description":"LES BAUX DE PROVENCE","potentialAction":[{"@type":"SearchAction","target":{"@type":"EntryPoint","urlTemplate":"https:\/\/www.baumaniereboutique.com\/en\/?s={search_term_string}"},"query-input":{"@type":"PropertyValueSpecification","valueRequired":true,"valueName":"search_term_string"}}],"inLanguage":"en-US"}]}},"_links":{"self":[{"href":"https:\/\/www.baumaniereboutique.com\/en\/wp-json\/wp\/v2\/product\/9798","targetHints":{"allow":["GET"]}}],"collection":[{"href":"https:\/\/www.baumaniereboutique.com\/en\/wp-json\/wp\/v2\/product"}],"about":[{"href":"https:\/\/www.baumaniereboutique.com\/en\/wp-json\/wp\/v2\/types\/product"}],"replies":[{"embeddable":true,"href":"https:\/\/www.baumaniereboutique.com\/en\/wp-json\/wp\/v2\/comments?post=9798"}],"wp:featuredmedia":[{"embeddable":true,"href":"https:\/\/www.baumaniereboutique.com\/en\/wp-json\/wp\/v2\/media\/9722"}],"wp:attachment":[{"href":"https:\/\/www.baumaniereboutique.com\/en\/wp-json\/wp\/v2\/media?parent=9798"}],"wp:term":[{"taxonomy":"product_brand","embeddable":true,"href":"https:\/\/www.baumaniereboutique.com\/en\/wp-json\/wp\/v2\/product_brand?post=9798"},{"taxonomy":"product_cat","embeddable":true,"href":"https:\/\/www.baumaniereboutique.com\/en\/wp-json\/wp\/v2\/product_cat?post=9798"},{"taxonomy":"product_tag","embeddable":true,"href":"https:\/\/www.baumaniereboutique.com\/en\/wp-json\/wp\/v2\/product_tag?post=9798"}],"curies":[{"name":"wp","href":"https:\/\/api.w.org\/{rel}","templated":true}]}}