{"id":9809,"date":"2022-08-29T15:21:32","date_gmt":"2022-08-29T13:21:32","guid":{"rendered":"https:\/\/www.baumaniereboutique.com\/?post_type=product&#038;p=9809"},"modified":"2024-03-08T10:35:01","modified_gmt":"2024-03-08T09:35:01","slug":"tablette-praline-pistache-chocolat-lait-40","status":"publish","type":"product","link":"https:\/\/www.baumaniereboutique.com\/en\/produits\/chocolate-factory\/bars-en\/tablette-praline-pistache-chocolat-lait-40\/","title":{"rendered":"Praline Pistachio &#8211; Milk Chocolate 40% bar"},"content":{"rendered":"<p><strong>Tablette Pralin\u00e9 Pistache &#8211; Milk chocolate 40%<\/strong><\/p>\n<p>Ingredients: milk chocolate (cocoa beans, unrefined cane sugar, milk powder, cocoa butter, sunflower lecithin [e322], fleur de sel), pistachios, caster sugar, water, almonds, cocoa butter, fleur de sel Cocoa content : 40% minimum Nutritional values per 100g: 2292kJ \/ 551kcal, Fat: 38g, Of which saturated fatty acids: 13g, Carbohydrates: 37g, Of which sugars: 32g, Protein: 12g, Salt: 0.49g Net weight: 90 gr Best before: 3 weeks<\/p>\n","protected":false},"excerpt":{"rendered":"<p>Tablette Pralin\u00e9 Pistache &#8211; Milk chocolate 40% Ingredients: milk chocolate (cocoa beans, unrefined cane sugar, milk powder, cocoa butter, sunflower lecithin [e322], fleur de sel), pistachios, caster sugar, water, almonds, cocoa butter, fleur de sel Cocoa content : 40% minimum Nutritional values per 100g: 2292kJ \/ 551kcal, Fat: 38g, Of which saturated fatty acids: 13g, [&hellip;]<\/p>\n","protected":false},"featured_media":40547,"comment_status":"closed","ping_status":"closed","template":"","meta":{"_acf_changed":false,"_et_pb_use_builder":"","_et_pb_old_content":"","_et_gb_content_width":""},"product_brand":[],"product_cat":[145,130],"product_tag":[],"class_list":{"0":"post-9809","1":"product","2":"type-product","3":"status-publish","4":"has-post-thumbnail","6":"product_cat-bars-en","7":"product_cat-chocolate-factory","9":"first","10":"instock","11":"shipping-taxable","12":"purchasable","13":"product-type-simple"},"acf":[],"yoast_head":"<!-- This site is optimized with the Yoast SEO plugin v27.2 - https:\/\/yoast.com\/product\/yoast-seo-wordpress\/ -->\n<title>Praline Pistachio - Milk Chocolate 40% bar | La Boutique de Baumani\u00e8re<\/title>\n<meta name=\"description\" content=\"La Tablette pralin\u00e9 de la Chocolaterie Baumani\u00e8re\" \/>\n<meta name=\"robots\" content=\"index, follow, max-snippet:-1, max-image-preview:large, max-video-preview:-1\" \/>\n<link rel=\"canonical\" href=\"https:\/\/www.baumaniereboutique.com\/en\/produits\/chocolate-factory\/bars-en\/tablette-praline-pistache-chocolat-lait-40\/\" \/>\n<meta property=\"og:locale\" content=\"en_US\" \/>\n<meta property=\"og:type\" content=\"article\" \/>\n<meta property=\"og:title\" content=\"Praline Pistachio - Milk Chocolate 40% bar | La Boutique de Baumani\u00e8re\" \/>\n<meta property=\"og:description\" content=\"La Tablette pralin\u00e9 de la Chocolaterie Baumani\u00e8re\" \/>\n<meta property=\"og:url\" content=\"https:\/\/www.baumaniereboutique.com\/en\/produits\/chocolate-factory\/bars-en\/tablette-praline-pistache-chocolat-lait-40\/\" \/>\n<meta property=\"og:site_name\" content=\"La Boutique de Baumani\u00e8re\" \/>\n<meta property=\"article:modified_time\" content=\"2024-03-08T09:35:01+00:00\" \/>\n<meta property=\"og:image\" content=\"https:\/\/www.baumaniereboutique.com\/wp-content\/uploads\/2022\/08\/\u00a9VirginieOvessianPhotographe_DSC_7458_2.jpg\" \/>\n\t<meta property=\"og:image:width\" content=\"900\" \/>\n\t<meta property=\"og:image:height\" content=\"900\" \/>\n\t<meta property=\"og:image:type\" content=\"image\/jpeg\" \/>\n<meta name=\"twitter:card\" content=\"summary_large_image\" \/>\n<script type=\"application\/ld+json\" class=\"yoast-schema-graph\">{\"@context\":\"https:\/\/schema.org\",\"@graph\":[{\"@type\":\"WebPage\",\"@id\":\"https:\/\/www.baumaniereboutique.com\/en\/produits\/chocolate-factory\/bars-en\/tablette-praline-pistache-chocolat-lait-40\/\",\"url\":\"https:\/\/www.baumaniereboutique.com\/en\/produits\/chocolate-factory\/bars-en\/tablette-praline-pistache-chocolat-lait-40\/\",\"name\":\"Praline Pistachio - Milk Chocolate 40% bar | La Boutique de Baumani\u00e8re\",\"isPartOf\":{\"@id\":\"https:\/\/www.baumaniereboutique.com\/en\/#website\"},\"primaryImageOfPage\":{\"@id\":\"https:\/\/www.baumaniereboutique.com\/en\/produits\/chocolate-factory\/bars-en\/tablette-praline-pistache-chocolat-lait-40\/#primaryimage\"},\"image\":{\"@id\":\"https:\/\/www.baumaniereboutique.com\/en\/produits\/chocolate-factory\/bars-en\/tablette-praline-pistache-chocolat-lait-40\/#primaryimage\"},\"thumbnailUrl\":\"https:\/\/www.baumaniereboutique.com\/wp-content\/uploads\/2022\/08\/\u00a9VirginieOvessianPhotographe_023_DSC_9697_2_Carre.jpg\",\"datePublished\":\"2022-08-29T13:21:32+00:00\",\"dateModified\":\"2024-03-08T09:35:01+00:00\",\"description\":\"La Tablette pralin\u00e9 de la Chocolaterie Baumani\u00e8re\",\"breadcrumb\":{\"@id\":\"https:\/\/www.baumaniereboutique.com\/en\/produits\/chocolate-factory\/bars-en\/tablette-praline-pistache-chocolat-lait-40\/#breadcrumb\"},\"inLanguage\":\"en-US\",\"potentialAction\":[{\"@type\":\"ReadAction\",\"target\":[\"https:\/\/www.baumaniereboutique.com\/en\/produits\/chocolate-factory\/bars-en\/tablette-praline-pistache-chocolat-lait-40\/\"]}]},{\"@type\":\"ImageObject\",\"inLanguage\":\"en-US\",\"@id\":\"https:\/\/www.baumaniereboutique.com\/en\/produits\/chocolate-factory\/bars-en\/tablette-praline-pistache-chocolat-lait-40\/#primaryimage\",\"url\":\"https:\/\/www.baumaniereboutique.com\/wp-content\/uploads\/2022\/08\/\u00a9VirginieOvessianPhotographe_023_DSC_9697_2_Carre.jpg\",\"contentUrl\":\"https:\/\/www.baumaniereboutique.com\/wp-content\/uploads\/2022\/08\/\u00a9VirginieOvessianPhotographe_023_DSC_9697_2_Carre.jpg\",\"width\":800,\"height\":800,\"caption\":\"Pralin\u00e9 Pistache chocolaterie Baumaniere\"},{\"@type\":\"BreadcrumbList\",\"@id\":\"https:\/\/www.baumaniereboutique.com\/en\/produits\/chocolate-factory\/bars-en\/tablette-praline-pistache-chocolat-lait-40\/#breadcrumb\",\"itemListElement\":[{\"@type\":\"ListItem\",\"position\":1,\"name\":\"Homepage\",\"item\":\"https:\/\/www.baumaniereboutique.com\/en\/\"},{\"@type\":\"ListItem\",\"position\":2,\"name\":\"Boutique\",\"item\":\"https:\/\/www.baumaniereboutique.com\/boutique\/\"},{\"@type\":\"ListItem\",\"position\":3,\"name\":\"Praline Pistachio &#8211; Milk Chocolate 40% bar\"}]},{\"@type\":\"WebSite\",\"@id\":\"https:\/\/www.baumaniereboutique.com\/en\/#website\",\"url\":\"https:\/\/www.baumaniereboutique.com\/en\/\",\"name\":\"La Boutique de Baumani\u00e8re\",\"description\":\"LES BAUX DE PROVENCE\",\"potentialAction\":[{\"@type\":\"SearchAction\",\"target\":{\"@type\":\"EntryPoint\",\"urlTemplate\":\"https:\/\/www.baumaniereboutique.com\/en\/?s={search_term_string}\"},\"query-input\":{\"@type\":\"PropertyValueSpecification\",\"valueRequired\":true,\"valueName\":\"search_term_string\"}}],\"inLanguage\":\"en-US\"}]}<\/script>\n<!-- \/ Yoast SEO plugin. -->","yoast_head_json":{"title":"Praline Pistachio - Milk Chocolate 40% bar | La Boutique de Baumani\u00e8re","description":"La Tablette pralin\u00e9 de la Chocolaterie Baumani\u00e8re","robots":{"index":"index","follow":"follow","max-snippet":"max-snippet:-1","max-image-preview":"max-image-preview:large","max-video-preview":"max-video-preview:-1"},"canonical":"https:\/\/www.baumaniereboutique.com\/en\/produits\/chocolate-factory\/bars-en\/tablette-praline-pistache-chocolat-lait-40\/","og_locale":"en_US","og_type":"article","og_title":"Praline Pistachio - Milk Chocolate 40% bar | La Boutique de Baumani\u00e8re","og_description":"La Tablette pralin\u00e9 de la Chocolaterie Baumani\u00e8re","og_url":"https:\/\/www.baumaniereboutique.com\/en\/produits\/chocolate-factory\/bars-en\/tablette-praline-pistache-chocolat-lait-40\/","og_site_name":"La Boutique de Baumani\u00e8re","article_modified_time":"2024-03-08T09:35:01+00:00","og_image":[{"width":900,"height":900,"url":"https:\/\/www.baumaniereboutique.com\/wp-content\/uploads\/2022\/08\/\u00a9VirginieOvessianPhotographe_DSC_7458_2.jpg","type":"image\/jpeg"}],"twitter_card":"summary_large_image","schema":{"@context":"https:\/\/schema.org","@graph":[{"@type":"WebPage","@id":"https:\/\/www.baumaniereboutique.com\/en\/produits\/chocolate-factory\/bars-en\/tablette-praline-pistache-chocolat-lait-40\/","url":"https:\/\/www.baumaniereboutique.com\/en\/produits\/chocolate-factory\/bars-en\/tablette-praline-pistache-chocolat-lait-40\/","name":"Praline Pistachio - Milk Chocolate 40% bar | La Boutique de Baumani\u00e8re","isPartOf":{"@id":"https:\/\/www.baumaniereboutique.com\/en\/#website"},"primaryImageOfPage":{"@id":"https:\/\/www.baumaniereboutique.com\/en\/produits\/chocolate-factory\/bars-en\/tablette-praline-pistache-chocolat-lait-40\/#primaryimage"},"image":{"@id":"https:\/\/www.baumaniereboutique.com\/en\/produits\/chocolate-factory\/bars-en\/tablette-praline-pistache-chocolat-lait-40\/#primaryimage"},"thumbnailUrl":"https:\/\/www.baumaniereboutique.com\/wp-content\/uploads\/2022\/08\/\u00a9VirginieOvessianPhotographe_023_DSC_9697_2_Carre.jpg","datePublished":"2022-08-29T13:21:32+00:00","dateModified":"2024-03-08T09:35:01+00:00","description":"La Tablette pralin\u00e9 de la Chocolaterie Baumani\u00e8re","breadcrumb":{"@id":"https:\/\/www.baumaniereboutique.com\/en\/produits\/chocolate-factory\/bars-en\/tablette-praline-pistache-chocolat-lait-40\/#breadcrumb"},"inLanguage":"en-US","potentialAction":[{"@type":"ReadAction","target":["https:\/\/www.baumaniereboutique.com\/en\/produits\/chocolate-factory\/bars-en\/tablette-praline-pistache-chocolat-lait-40\/"]}]},{"@type":"ImageObject","inLanguage":"en-US","@id":"https:\/\/www.baumaniereboutique.com\/en\/produits\/chocolate-factory\/bars-en\/tablette-praline-pistache-chocolat-lait-40\/#primaryimage","url":"https:\/\/www.baumaniereboutique.com\/wp-content\/uploads\/2022\/08\/\u00a9VirginieOvessianPhotographe_023_DSC_9697_2_Carre.jpg","contentUrl":"https:\/\/www.baumaniereboutique.com\/wp-content\/uploads\/2022\/08\/\u00a9VirginieOvessianPhotographe_023_DSC_9697_2_Carre.jpg","width":800,"height":800,"caption":"Pralin\u00e9 Pistache chocolaterie Baumaniere"},{"@type":"BreadcrumbList","@id":"https:\/\/www.baumaniereboutique.com\/en\/produits\/chocolate-factory\/bars-en\/tablette-praline-pistache-chocolat-lait-40\/#breadcrumb","itemListElement":[{"@type":"ListItem","position":1,"name":"Homepage","item":"https:\/\/www.baumaniereboutique.com\/en\/"},{"@type":"ListItem","position":2,"name":"Boutique","item":"https:\/\/www.baumaniereboutique.com\/boutique\/"},{"@type":"ListItem","position":3,"name":"Praline Pistachio &#8211; Milk Chocolate 40% bar"}]},{"@type":"WebSite","@id":"https:\/\/www.baumaniereboutique.com\/en\/#website","url":"https:\/\/www.baumaniereboutique.com\/en\/","name":"La Boutique de Baumani\u00e8re","description":"LES BAUX DE PROVENCE","potentialAction":[{"@type":"SearchAction","target":{"@type":"EntryPoint","urlTemplate":"https:\/\/www.baumaniereboutique.com\/en\/?s={search_term_string}"},"query-input":{"@type":"PropertyValueSpecification","valueRequired":true,"valueName":"search_term_string"}}],"inLanguage":"en-US"}]}},"_links":{"self":[{"href":"https:\/\/www.baumaniereboutique.com\/en\/wp-json\/wp\/v2\/product\/9809","targetHints":{"allow":["GET"]}}],"collection":[{"href":"https:\/\/www.baumaniereboutique.com\/en\/wp-json\/wp\/v2\/product"}],"about":[{"href":"https:\/\/www.baumaniereboutique.com\/en\/wp-json\/wp\/v2\/types\/product"}],"replies":[{"embeddable":true,"href":"https:\/\/www.baumaniereboutique.com\/en\/wp-json\/wp\/v2\/comments?post=9809"}],"wp:featuredmedia":[{"embeddable":true,"href":"https:\/\/www.baumaniereboutique.com\/en\/wp-json\/wp\/v2\/media\/40547"}],"wp:attachment":[{"href":"https:\/\/www.baumaniereboutique.com\/en\/wp-json\/wp\/v2\/media?parent=9809"}],"wp:term":[{"taxonomy":"product_brand","embeddable":true,"href":"https:\/\/www.baumaniereboutique.com\/en\/wp-json\/wp\/v2\/product_brand?post=9809"},{"taxonomy":"product_cat","embeddable":true,"href":"https:\/\/www.baumaniereboutique.com\/en\/wp-json\/wp\/v2\/product_cat?post=9809"},{"taxonomy":"product_tag","embeddable":true,"href":"https:\/\/www.baumaniereboutique.com\/en\/wp-json\/wp\/v2\/product_tag?post=9809"}],"curies":[{"name":"wp","href":"https:\/\/api.w.org\/{rel}","templated":true}]}}